{"id":23983,"date":"2025-08-01T17:49:59","date_gmt":"2025-08-01T15:49:59","guid":{"rendered":"https:\/\/uj.adatbank.ro\/lexikon\/termek\/vajda-janos-2\/"},"modified":"2025-08-01T17:49:59","modified_gmt":"2025-08-01T15:49:59","slug":"vajda-janos-2","status":"publish","type":"product","link":"https:\/\/uj.adatbank.ro\/lexikon\/termek\/vajda-janos-2\/","title":{"rendered":"VAJDA J\u00e1nos"},"content":{"rendered":"<p>?., \u2020\u00a0?: labdar\u00fag\u00f3edz\u0151. \u2013Sz\u00e1szr\u00e9genben \u00fajra l\u00e9tes\u00edtette az Av\u00e2ntul \u2013 Reghin futballcsapatot, amely azt\u00e1n t\u00f6bb \u00e9vtizeden kereszt\u00fcl m\u0171k\u00f6d\u00f6tt (1949. m\u00e1rc. \u2013 j\u00fan. 16.). \u0150 k\u00e9pviselte a Sportegyes\u00fclet vezet\u0151s\u00e9g\u00e9ben a csapatot, majd hal\u00e1l\u00e1ig tb. eln\u00f6ki c\u00edmmel illett\u00e9k. <br \/><strong>\u2013 Irod.:<\/strong> Reghin \u2013 Av\u00e2ntul.<\/br><\/p>\n","protected":false},"excerpt":{"rendered":"<p>?., \u2020\u00a0?: labdar\u00fag\u00f3edz\u0151. \u2013Sz\u00e1szr\u00e9genben \u00fajra l\u00e9tes\u00edtette az Av\u00e2ntul \u2013 Reghin futballcsapatot, amely azt\u00e1n t\u00f6bb \u00e9vtizeden kereszt\u00fcl m\u0171k\u00f6d\u00f6tt (1949. m\u00e1rc. \u2013 j\u00fan. 16.). \u0150 k\u00e9pviselte a Sportegyes\u00fclet vezet\u0151s\u00e9g\u00e9ben a csapatot, majd hal\u00e1l\u00e1ig tb. eln\u00f6ki c\u00edmmel illett\u00e9k. \u2013 Irod.: Reghin \u2013 Av\u00e2ntul.<\/p>\n","protected":false},"featured_media":0,"comment_status":"open","ping_status":"closed","template":"","meta":[],"product_brand":[],"product_cat":[137],"product_tag":[],"class_list":{"0":"post-23983","1":"product","2":"type-product","3":"status-publish","5":"product_cat-maros-megyei-eletrajzi-lexikon","7":"first","8":"instock","9":"shipping-taxable","10":"product-type-simple"},"_links":{"self":[{"href":"https:\/\/uj.adatbank.ro\/lexikon\/wp-json\/wp\/v2\/product\/23983","targetHints":{"allow":["GET"]}}],"collection":[{"href":"https:\/\/uj.adatbank.ro\/lexikon\/wp-json\/wp\/v2\/product"}],"about":[{"href":"https:\/\/uj.adatbank.ro\/lexikon\/wp-json\/wp\/v2\/types\/product"}],"replies":[{"embeddable":true,"href":"https:\/\/uj.adatbank.ro\/lexikon\/wp-json\/wp\/v2\/comments?post=23983"}],"wp:attachment":[{"href":"https:\/\/uj.adatbank.ro\/lexikon\/wp-json\/wp\/v2\/media?parent=23983"}],"wp:term":[{"taxonomy":"product_brand","embeddable":true,"href":"https:\/\/uj.adatbank.ro\/lexikon\/wp-json\/wp\/v2\/product_brand?post=23983"},{"taxonomy":"product_cat","embeddable":true,"href":"https:\/\/uj.adatbank.ro\/lexikon\/wp-json\/wp\/v2\/product_cat?post=23983"},{"taxonomy":"product_tag","embeddable":true,"href":"https:\/\/uj.adatbank.ro\/lexikon\/wp-json\/wp\/v2\/product_tag?post=23983"}],"curies":[{"name":"wp","href":"https:\/\/api.w.org\/{rel}","templated":true}]}}