{"id":23985,"date":"2025-08-01T17:50:04","date_gmt":"2025-08-01T15:50:04","guid":{"rendered":"https:\/\/uj.adatbank.ro\/lexikon\/termek\/vajda-karolina-kendeffi-miklosne\/"},"modified":"2025-08-01T17:50:04","modified_gmt":"2025-08-01T15:50:04","slug":"vajda-karolina-kendeffi-miklosne","status":"publish","type":"product","link":"https:\/\/uj.adatbank.ro\/lexikon\/termek\/vajda-karolina-kendeffi-miklosne\/","title":{"rendered":"VAJDA Karolina, Kendeffi Mikl\u00f3sn\u00e9"},"content":{"rendered":"<p>? \u2020 ?: birtokos. \u2013 Als\u00f3csern\u00e1toni Vajda B\u00e1lint (\u2020 1798. m\u00e1j. 3.) f\u0151hadnagy \u00e9s l\u00e9cfalvi Gy\u00e1rf\u00e1s Juli\u00e1nna (\u2020 Nagykend, 1818. \u00e1pr. 25.) le\u00e1nya. F\u00e9rje: Kendeffi Mikl\u00f3s. Fi\u00fak: Elek. \u2013 Aranyozott ez\u00fcst pat\u00e9n\u00e1t, vagyis keresztel\u0151 t\u00e1ny\u00e9rt (1823) \u00e9s ez\u00fcst talpas t\u00e1lat (1853) aj\u00e1nd\u00e9kozott. <br \/><strong>\u2013 Irod.:<\/strong> K\u00fck\u00fcll\u0151i Ref. Egyh\u00e1zm. 4.<\/br><\/p>\n","protected":false},"excerpt":{"rendered":"<p>? \u2020 ?: birtokos. \u2013 Als\u00f3csern\u00e1toni Vajda B\u00e1lint (\u2020 1798. m\u00e1j. 3.) f\u0151hadnagy \u00e9s l\u00e9cfalvi Gy\u00e1rf\u00e1s Juli\u00e1nna (\u2020 Nagykend, 1818. \u00e1pr. 25.) le\u00e1nya. F\u00e9rje: Kendeffi Mikl\u00f3s. Fi\u00fak: Elek. \u2013 Aranyozott ez\u00fcst pat\u00e9n\u00e1t, vagyis keresztel\u0151 t\u00e1ny\u00e9rt (1823) \u00e9s ez\u00fcst talpas t\u00e1lat (1853) aj\u00e1nd\u00e9kozott. \u2013 Irod.: K\u00fck\u00fcll\u0151i Ref. Egyh\u00e1zm. 4.<\/p>\n","protected":false},"featured_media":0,"comment_status":"open","ping_status":"closed","template":"","meta":[],"product_brand":[],"product_cat":[137],"product_tag":[],"class_list":{"0":"post-23985","1":"product","2":"type-product","3":"status-publish","5":"product_cat-maros-megyei-eletrajzi-lexikon","7":"first","8":"instock","9":"shipping-taxable","10":"product-type-simple"},"_links":{"self":[{"href":"https:\/\/uj.adatbank.ro\/lexikon\/wp-json\/wp\/v2\/product\/23985","targetHints":{"allow":["GET"]}}],"collection":[{"href":"https:\/\/uj.adatbank.ro\/lexikon\/wp-json\/wp\/v2\/product"}],"about":[{"href":"https:\/\/uj.adatbank.ro\/lexikon\/wp-json\/wp\/v2\/types\/product"}],"replies":[{"embeddable":true,"href":"https:\/\/uj.adatbank.ro\/lexikon\/wp-json\/wp\/v2\/comments?post=23985"}],"wp:attachment":[{"href":"https:\/\/uj.adatbank.ro\/lexikon\/wp-json\/wp\/v2\/media?parent=23985"}],"wp:term":[{"taxonomy":"product_brand","embeddable":true,"href":"https:\/\/uj.adatbank.ro\/lexikon\/wp-json\/wp\/v2\/product_brand?post=23985"},{"taxonomy":"product_cat","embeddable":true,"href":"https:\/\/uj.adatbank.ro\/lexikon\/wp-json\/wp\/v2\/product_cat?post=23985"},{"taxonomy":"product_tag","embeddable":true,"href":"https:\/\/uj.adatbank.ro\/lexikon\/wp-json\/wp\/v2\/product_tag?post=23985"}],"curies":[{"name":"wp","href":"https:\/\/api.w.org\/{rel}","templated":true}]}}