{"id":23986,"date":"2025-08-01T17:50:07","date_gmt":"2025-08-01T15:50:07","guid":{"rendered":"https:\/\/uj.adatbank.ro\/lexikon\/termek\/vajda-lajos\/"},"modified":"2025-08-01T17:50:07","modified_gmt":"2025-08-01T15:50:07","slug":"vajda-lajos","status":"publish","type":"product","link":"https:\/\/uj.adatbank.ro\/lexikon\/termek\/vajda-lajos\/","title":{"rendered":"VAJDA Lajos"},"content":{"rendered":"<p>?\u00a0\u2020 ?: k\u00e1ntortan\u00edt\u00f3. \u2013 Bordosi iskola k\u00e1ntortan\u00edt\u00f3ja (1926\u2013), a szentdemeteri h\u00edvek megh\u00edv\u00e1s\u00e1ra elhagyta Bordost. <br \/><strong>\u2013 Irod.:<\/strong> Maros-k\u00fck\u00fcll\u0151i f\u0151esp.<\/br><\/p>\n","protected":false},"excerpt":{"rendered":"<p>?\u00a0\u2020 ?: k\u00e1ntortan\u00edt\u00f3. \u2013 Bordosi iskola k\u00e1ntortan\u00edt\u00f3ja (1926\u2013), a szentdemeteri h\u00edvek megh\u00edv\u00e1s\u00e1ra elhagyta Bordost. \u2013 Irod.: Maros-k\u00fck\u00fcll\u0151i f\u0151esp.<\/p>\n","protected":false},"featured_media":0,"comment_status":"open","ping_status":"closed","template":"","meta":[],"product_brand":[],"product_cat":[137],"product_tag":[],"class_list":{"0":"post-23986","1":"product","2":"type-product","3":"status-publish","5":"product_cat-maros-megyei-eletrajzi-lexikon","7":"first","8":"instock","9":"shipping-taxable","10":"product-type-simple"},"_links":{"self":[{"href":"https:\/\/uj.adatbank.ro\/lexikon\/wp-json\/wp\/v2\/product\/23986","targetHints":{"allow":["GET"]}}],"collection":[{"href":"https:\/\/uj.adatbank.ro\/lexikon\/wp-json\/wp\/v2\/product"}],"about":[{"href":"https:\/\/uj.adatbank.ro\/lexikon\/wp-json\/wp\/v2\/types\/product"}],"replies":[{"embeddable":true,"href":"https:\/\/uj.adatbank.ro\/lexikon\/wp-json\/wp\/v2\/comments?post=23986"}],"wp:attachment":[{"href":"https:\/\/uj.adatbank.ro\/lexikon\/wp-json\/wp\/v2\/media?parent=23986"}],"wp:term":[{"taxonomy":"product_brand","embeddable":true,"href":"https:\/\/uj.adatbank.ro\/lexikon\/wp-json\/wp\/v2\/product_brand?post=23986"},{"taxonomy":"product_cat","embeddable":true,"href":"https:\/\/uj.adatbank.ro\/lexikon\/wp-json\/wp\/v2\/product_cat?post=23986"},{"taxonomy":"product_tag","embeddable":true,"href":"https:\/\/uj.adatbank.ro\/lexikon\/wp-json\/wp\/v2\/product_tag?post=23986"}],"curies":[{"name":"wp","href":"https:\/\/api.w.org\/{rel}","templated":true}]}}