{"id":23997,"date":"2025-08-01T17:50:30","date_gmt":"2025-08-01T15:50:30","guid":{"rendered":"https:\/\/uj.adatbank.ro\/lexikon\/termek\/vajdaszentivani-csalad\/"},"modified":"2025-08-01T17:50:30","modified_gmt":"2025-08-01T15:50:30","slug":"vajdaszentivani-csalad","status":"publish","type":"product","link":"https:\/\/uj.adatbank.ro\/lexikon\/termek\/vajdaszentivani-csalad\/","title":{"rendered":"VAJDASZENTIV\u00c1NI csal\u00e1d"},"content":{"rendered":"<p>P\u00f3kai birtokos csal\u00e1d egy 1451-es okm\u00e1ny szerint. <br \/><strong>\u2013 Irod.:<\/strong> P\u00f3ka.<\/br><\/p>\n","protected":false},"excerpt":{"rendered":"<p>P\u00f3kai birtokos csal\u00e1d egy 1451-es okm\u00e1ny szerint. \u2013 Irod.: P\u00f3ka.<\/p>\n","protected":false},"featured_media":0,"comment_status":"open","ping_status":"closed","template":"","meta":[],"product_brand":[],"product_cat":[137],"product_tag":[],"class_list":{"0":"post-23997","1":"product","2":"type-product","3":"status-publish","5":"product_cat-maros-megyei-eletrajzi-lexikon","7":"first","8":"instock","9":"shipping-taxable","10":"product-type-simple"},"_links":{"self":[{"href":"https:\/\/uj.adatbank.ro\/lexikon\/wp-json\/wp\/v2\/product\/23997","targetHints":{"allow":["GET"]}}],"collection":[{"href":"https:\/\/uj.adatbank.ro\/lexikon\/wp-json\/wp\/v2\/product"}],"about":[{"href":"https:\/\/uj.adatbank.ro\/lexikon\/wp-json\/wp\/v2\/types\/product"}],"replies":[{"embeddable":true,"href":"https:\/\/uj.adatbank.ro\/lexikon\/wp-json\/wp\/v2\/comments?post=23997"}],"wp:attachment":[{"href":"https:\/\/uj.adatbank.ro\/lexikon\/wp-json\/wp\/v2\/media?parent=23997"}],"wp:term":[{"taxonomy":"product_brand","embeddable":true,"href":"https:\/\/uj.adatbank.ro\/lexikon\/wp-json\/wp\/v2\/product_brand?post=23997"},{"taxonomy":"product_cat","embeddable":true,"href":"https:\/\/uj.adatbank.ro\/lexikon\/wp-json\/wp\/v2\/product_cat?post=23997"},{"taxonomy":"product_tag","embeddable":true,"href":"https:\/\/uj.adatbank.ro\/lexikon\/wp-json\/wp\/v2\/product_tag?post=23997"}],"curies":[{"name":"wp","href":"https:\/\/api.w.org\/{rel}","templated":true}]}}