{"id":24004,"date":"2025-08-01T17:50:48","date_gmt":"2025-08-01T15:50:48","guid":{"rendered":"https:\/\/uj.adatbank.ro\/lexikon\/termek\/vajna-elemer\/"},"modified":"2025-08-01T17:50:48","modified_gmt":"2025-08-01T15:50:48","slug":"vajna-elemer","status":"publish","type":"product","link":"https:\/\/uj.adatbank.ro\/lexikon\/termek\/vajna-elemer\/","title":{"rendered":"VAJNA Elem\u00e9r"},"content":{"rendered":"<p>? \u2020\u00a0?: jogi doktor, Ny\u00e1r\u00e1dszered\u00e1n. \u2013 A Bocskai K\u00f6r eln\u00f6ke \u00e9s a Dalk\u00f6r k\u00f3rusvezet\u0151je volt (1929). \u2013  <strong>F. m..:<\/strong> A birtokh\u00e1bor\u00edt\u00e1s a magyar \u00e1ltal\u00e1nos polg\u00e1ri t\u00f6rv\u00e9nyk\u00f6nyv tervezet\u00e9ben (T. 522. \u00a7.). (Mv., 1908). <br \/><strong>\u2013 Irod.:<\/strong> Sz\u00e1ll a dal a Ny\u00e1r\u00e1dment\u00e9n; Szinnyei.<\/br><\/p>\n","protected":false},"excerpt":{"rendered":"<p>? \u2020\u00a0?: jogi doktor, Ny\u00e1r\u00e1dszered\u00e1n. \u2013 A Bocskai K\u00f6r eln\u00f6ke \u00e9s a Dalk\u00f6r k\u00f3rusvezet\u0151je volt (1929). \u2013 F. m..: A birtokh\u00e1bor\u00edt\u00e1s a magyar \u00e1ltal\u00e1nos polg\u00e1ri t\u00f6rv\u00e9nyk\u00f6nyv tervezet\u00e9ben (T. 522. \u00a7.). (Mv., 1908). \u2013 Irod.: Sz\u00e1ll a dal a Ny\u00e1r\u00e1dment\u00e9n; Szinnyei.<\/p>\n","protected":false},"featured_media":0,"comment_status":"open","ping_status":"closed","template":"","meta":[],"product_brand":[],"product_cat":[137],"product_tag":[],"class_list":{"0":"post-24004","1":"product","2":"type-product","3":"status-publish","5":"product_cat-maros-megyei-eletrajzi-lexikon","7":"first","8":"instock","9":"shipping-taxable","10":"product-type-simple"},"_links":{"self":[{"href":"https:\/\/uj.adatbank.ro\/lexikon\/wp-json\/wp\/v2\/product\/24004","targetHints":{"allow":["GET"]}}],"collection":[{"href":"https:\/\/uj.adatbank.ro\/lexikon\/wp-json\/wp\/v2\/product"}],"about":[{"href":"https:\/\/uj.adatbank.ro\/lexikon\/wp-json\/wp\/v2\/types\/product"}],"replies":[{"embeddable":true,"href":"https:\/\/uj.adatbank.ro\/lexikon\/wp-json\/wp\/v2\/comments?post=24004"}],"wp:attachment":[{"href":"https:\/\/uj.adatbank.ro\/lexikon\/wp-json\/wp\/v2\/media?parent=24004"}],"wp:term":[{"taxonomy":"product_brand","embeddable":true,"href":"https:\/\/uj.adatbank.ro\/lexikon\/wp-json\/wp\/v2\/product_brand?post=24004"},{"taxonomy":"product_cat","embeddable":true,"href":"https:\/\/uj.adatbank.ro\/lexikon\/wp-json\/wp\/v2\/product_cat?post=24004"},{"taxonomy":"product_tag","embeddable":true,"href":"https:\/\/uj.adatbank.ro\/lexikon\/wp-json\/wp\/v2\/product_tag?post=24004"}],"curies":[{"name":"wp","href":"https:\/\/api.w.org\/{rel}","templated":true}]}}