{"id":24011,"date":"2025-08-01T17:51:06","date_gmt":"2025-08-01T15:51:06","guid":{"rendered":"https:\/\/uj.adatbank.ro\/lexikon\/termek\/vajna-jozsef\/"},"modified":"2025-08-01T17:51:06","modified_gmt":"2025-08-01T15:51:06","slug":"vajna-jozsef","status":"publish","type":"product","link":"https:\/\/uj.adatbank.ro\/lexikon\/termek\/vajna-jozsef\/","title":{"rendered":"VAJNA J\u00f3zsef"},"content":{"rendered":"<p>Gernyeszeg, 1871., \u2020\u00a0?: gazd\u00e1lkod\u00f3. \u2013 \u00c9desapja, V. J\u00e1nos mellett tanult gazd\u00e1lkodni, majd \u00f6n\u00e1ll\u00f3 lett (1900). Az els\u0151 vh.-ban a 26. t\u00e1bori t\u00fcz\u00e9rezredben az orosz fronton harcolt. A ref. egyh\u00e1z gondnoka, a Tejcsarnok ig. tagja volt, r\u00e9szt vett a Gazdak\u00f6r megalap\u00edt\u00e1s\u00e1ban, amelynek eln\u00f6ke is volt, a k\u00f6zs\u00e9gi k\u00e9pv. test. tagja volt. <br \/><strong>\u2013 Irod.:<\/strong> Sz\u00e9kelyf\u00f6ld \u00ed. k.<\/br><\/p>\n","protected":false},"excerpt":{"rendered":"<p>Gernyeszeg, 1871., \u2020\u00a0?: gazd\u00e1lkod\u00f3. \u2013 \u00c9desapja, V. J\u00e1nos mellett tanult gazd\u00e1lkodni, majd \u00f6n\u00e1ll\u00f3 lett (1900). Az els\u0151 vh.-ban a 26. t\u00e1bori t\u00fcz\u00e9rezredben az orosz fronton harcolt. A ref. egyh\u00e1z gondnoka, a Tejcsarnok ig. tagja volt, r\u00e9szt vett a Gazdak\u00f6r megalap\u00edt\u00e1s\u00e1ban, amelynek eln\u00f6ke is volt, a k\u00f6zs\u00e9gi k\u00e9pv. test. tagja volt. \u2013 Irod.: Sz\u00e9kelyf\u00f6ld \u00ed. k.<\/p>\n","protected":false},"featured_media":0,"comment_status":"open","ping_status":"closed","template":"","meta":[],"product_brand":[],"product_cat":[137],"product_tag":[],"class_list":{"0":"post-24011","1":"product","2":"type-product","3":"status-publish","5":"product_cat-maros-megyei-eletrajzi-lexikon","7":"first","8":"instock","9":"shipping-taxable","10":"product-type-simple"},"_links":{"self":[{"href":"https:\/\/uj.adatbank.ro\/lexikon\/wp-json\/wp\/v2\/product\/24011","targetHints":{"allow":["GET"]}}],"collection":[{"href":"https:\/\/uj.adatbank.ro\/lexikon\/wp-json\/wp\/v2\/product"}],"about":[{"href":"https:\/\/uj.adatbank.ro\/lexikon\/wp-json\/wp\/v2\/types\/product"}],"replies":[{"embeddable":true,"href":"https:\/\/uj.adatbank.ro\/lexikon\/wp-json\/wp\/v2\/comments?post=24011"}],"wp:attachment":[{"href":"https:\/\/uj.adatbank.ro\/lexikon\/wp-json\/wp\/v2\/media?parent=24011"}],"wp:term":[{"taxonomy":"product_brand","embeddable":true,"href":"https:\/\/uj.adatbank.ro\/lexikon\/wp-json\/wp\/v2\/product_brand?post=24011"},{"taxonomy":"product_cat","embeddable":true,"href":"https:\/\/uj.adatbank.ro\/lexikon\/wp-json\/wp\/v2\/product_cat?post=24011"},{"taxonomy":"product_tag","embeddable":true,"href":"https:\/\/uj.adatbank.ro\/lexikon\/wp-json\/wp\/v2\/product_tag?post=24011"}],"curies":[{"name":"wp","href":"https:\/\/api.w.org\/{rel}","templated":true}]}}