{"id":24017,"date":"2025-08-01T17:51:18","date_gmt":"2025-08-01T15:51:18","guid":{"rendered":"https:\/\/uj.adatbank.ro\/lexikon\/termek\/vajna-pal-pavai\/"},"modified":"2025-08-01T17:51:18","modified_gmt":"2025-08-01T15:51:18","slug":"vajna-pal-pavai","status":"publish","type":"product","link":"https:\/\/uj.adatbank.ro\/lexikon\/termek\/vajna-pal-pavai\/","title":{"rendered":"VAJNA P\u00e1l, p\u00e1vai"},"content":{"rendered":"<p>? 1864 v. 65, \u2020 Mv. 1892: megyei aljegyz\u0151. \u2013 Feles\u00e9ge s\u00e1rdi Sim\u00e9n Emma. Szolgab\u00edr\u00f3 Bal\u00e1zsfalv\u00e1n. Maros-Torda megye aljegyz\u0151je. Temetve Mv.-en ap\u00f3s\u00e1val egy s\u00edrban a mv.-i ref. temet\u0151ben. <br \/><strong>\u2013 Irod.:<\/strong> P\u00e1lmay J\u00f3zsef.<\/br><\/p>\n","protected":false},"excerpt":{"rendered":"<p>? 1864 v. 65, \u2020 Mv. 1892: megyei aljegyz\u0151. \u2013 Feles\u00e9ge s\u00e1rdi Sim\u00e9n Emma. Szolgab\u00edr\u00f3 Bal\u00e1zsfalv\u00e1n. Maros-Torda megye aljegyz\u0151je. Temetve Mv.-en ap\u00f3s\u00e1val egy s\u00edrban a mv.-i ref. temet\u0151ben. \u2013 Irod.: P\u00e1lmay J\u00f3zsef.<\/p>\n","protected":false},"featured_media":0,"comment_status":"open","ping_status":"closed","template":"","meta":[],"product_brand":[],"product_cat":[137],"product_tag":[],"class_list":{"0":"post-24017","1":"product","2":"type-product","3":"status-publish","5":"product_cat-maros-megyei-eletrajzi-lexikon","7":"first","8":"instock","9":"shipping-taxable","10":"product-type-simple"},"_links":{"self":[{"href":"https:\/\/uj.adatbank.ro\/lexikon\/wp-json\/wp\/v2\/product\/24017","targetHints":{"allow":["GET"]}}],"collection":[{"href":"https:\/\/uj.adatbank.ro\/lexikon\/wp-json\/wp\/v2\/product"}],"about":[{"href":"https:\/\/uj.adatbank.ro\/lexikon\/wp-json\/wp\/v2\/types\/product"}],"replies":[{"embeddable":true,"href":"https:\/\/uj.adatbank.ro\/lexikon\/wp-json\/wp\/v2\/comments?post=24017"}],"wp:attachment":[{"href":"https:\/\/uj.adatbank.ro\/lexikon\/wp-json\/wp\/v2\/media?parent=24017"}],"wp:term":[{"taxonomy":"product_brand","embeddable":true,"href":"https:\/\/uj.adatbank.ro\/lexikon\/wp-json\/wp\/v2\/product_brand?post=24017"},{"taxonomy":"product_cat","embeddable":true,"href":"https:\/\/uj.adatbank.ro\/lexikon\/wp-json\/wp\/v2\/product_cat?post=24017"},{"taxonomy":"product_tag","embeddable":true,"href":"https:\/\/uj.adatbank.ro\/lexikon\/wp-json\/wp\/v2\/product_tag?post=24017"}],"curies":[{"name":"wp","href":"https:\/\/api.w.org\/{rel}","templated":true}]}}