{"id":24021,"date":"2025-08-01T17:51:29","date_gmt":"2025-08-01T15:51:29","guid":{"rendered":"https:\/\/uj.adatbank.ro\/lexikon\/termek\/vakarcs-erno-vakarcs-i\/"},"modified":"2025-08-01T17:51:29","modified_gmt":"2025-08-01T15:51:29","slug":"vakarcs-erno-vakarcs-i","status":"publish","type":"product","link":"https:\/\/uj.adatbank.ro\/lexikon\/termek\/vakarcs-erno-vakarcs-i\/","title":{"rendered":"VAKARCS Ern\u0151, Vakarcs I."},"content":{"rendered":"<p>1925 \u2020 Mv., 1994.: labdar\u00fag\u00f3. \u2013 H\u00e1rom \u00e9vet j\u00e1tszott a mv.-i MTE sz\u00edneiben, majd a B. oszt\u00e1lyos buhu\u015fi csapatban folytatta p\u00e1lyafut\u00e1s\u00e1t, ezut\u00e1n a mv.-i Locomotiv j\u00e1t\u00e9kosa (1949\u201357). Az ASA ifj\u00fas\u00e1gi csapat\u00e1nak edz\u0151je (\u20131965), amikor Bon\u00e9 Tibor m\u00e1sodedz\u0151je lett az ASA-n\u00e1l. A mag\u00e1n\u00e9letben is p\u00e9ldamutat\u00f3 \u00e9letet \u00e9lt, k\u00e9t gyermeke volt \u00e9s 4 unok\u00e1ja. <br \/><strong>\u2013 Irod.:<\/strong> Gh. Botezan: A Vakarcs testv\u00e9rek \u2013 Ern\u0151 \u00e9s Domokos (N\u00fa. 2001. j\u00fan. 25.).<\/br><\/p>\n","protected":false},"excerpt":{"rendered":"<p>1925 \u2020 Mv., 1994.: labdar\u00fag\u00f3. \u2013 H\u00e1rom \u00e9vet j\u00e1tszott a mv.-i MTE sz\u00edneiben, majd a B. oszt\u00e1lyos buhu\u015fi csapatban folytatta p\u00e1lyafut\u00e1s\u00e1t, ezut\u00e1n a mv.-i Locomotiv j\u00e1t\u00e9kosa (1949\u201357). Az ASA ifj\u00fas\u00e1gi csapat\u00e1nak edz\u0151je (\u20131965), amikor Bon\u00e9 Tibor m\u00e1sodedz\u0151je lett az ASA-n\u00e1l. A mag\u00e1n\u00e9letben is p\u00e9ldamutat\u00f3 \u00e9letet \u00e9lt, k\u00e9t gyermeke volt \u00e9s 4 unok\u00e1ja. \u2013 Irod.: Gh. [&hellip;]<\/p>\n","protected":false},"featured_media":0,"comment_status":"open","ping_status":"closed","template":"","meta":[],"product_brand":[],"product_cat":[137],"product_tag":[],"class_list":{"0":"post-24021","1":"product","2":"type-product","3":"status-publish","5":"product_cat-maros-megyei-eletrajzi-lexikon","7":"first","8":"instock","9":"shipping-taxable","10":"product-type-simple"},"_links":{"self":[{"href":"https:\/\/uj.adatbank.ro\/lexikon\/wp-json\/wp\/v2\/product\/24021","targetHints":{"allow":["GET"]}}],"collection":[{"href":"https:\/\/uj.adatbank.ro\/lexikon\/wp-json\/wp\/v2\/product"}],"about":[{"href":"https:\/\/uj.adatbank.ro\/lexikon\/wp-json\/wp\/v2\/types\/product"}],"replies":[{"embeddable":true,"href":"https:\/\/uj.adatbank.ro\/lexikon\/wp-json\/wp\/v2\/comments?post=24021"}],"wp:attachment":[{"href":"https:\/\/uj.adatbank.ro\/lexikon\/wp-json\/wp\/v2\/media?parent=24021"}],"wp:term":[{"taxonomy":"product_brand","embeddable":true,"href":"https:\/\/uj.adatbank.ro\/lexikon\/wp-json\/wp\/v2\/product_brand?post=24021"},{"taxonomy":"product_cat","embeddable":true,"href":"https:\/\/uj.adatbank.ro\/lexikon\/wp-json\/wp\/v2\/product_cat?post=24021"},{"taxonomy":"product_tag","embeddable":true,"href":"https:\/\/uj.adatbank.ro\/lexikon\/wp-json\/wp\/v2\/product_tag?post=24021"}],"curies":[{"name":"wp","href":"https:\/\/api.w.org\/{rel}","templated":true}]}}