{"id":24023,"date":"2025-08-01T17:51:33","date_gmt":"2025-08-01T15:51:33","guid":{"rendered":"https:\/\/uj.adatbank.ro\/lexikon\/termek\/valea-ioan\/"},"modified":"2025-08-01T17:51:33","modified_gmt":"2025-08-01T15:51:33","slug":"valea-ioan","status":"publish","type":"product","link":"https:\/\/uj.adatbank.ro\/lexikon\/termek\/valea-ioan\/","title":{"rendered":"VALEA, Ioan"},"content":{"rendered":"<p>? \u2020 ?: g. kat. lelk\u00e9sz. \u2013 Mez\u0151szokolban szolg\u00e1lt, 29 \u00e9ven kereszt\u00fcl (1838\u201367). <br \/><strong>\u2013 Irod.:<\/strong> Socolul de C\u00e2mpie.<\/br><\/p>\n","protected":false},"excerpt":{"rendered":"<p>? \u2020 ?: g. kat. lelk\u00e9sz. \u2013 Mez\u0151szokolban szolg\u00e1lt, 29 \u00e9ven kereszt\u00fcl (1838\u201367). \u2013 Irod.: Socolul de C\u00e2mpie.<\/p>\n","protected":false},"featured_media":0,"comment_status":"open","ping_status":"closed","template":"","meta":[],"product_brand":[],"product_cat":[137],"product_tag":[],"class_list":{"0":"post-24023","1":"product","2":"type-product","3":"status-publish","5":"product_cat-maros-megyei-eletrajzi-lexikon","7":"first","8":"instock","9":"shipping-taxable","10":"product-type-simple"},"_links":{"self":[{"href":"https:\/\/uj.adatbank.ro\/lexikon\/wp-json\/wp\/v2\/product\/24023","targetHints":{"allow":["GET"]}}],"collection":[{"href":"https:\/\/uj.adatbank.ro\/lexikon\/wp-json\/wp\/v2\/product"}],"about":[{"href":"https:\/\/uj.adatbank.ro\/lexikon\/wp-json\/wp\/v2\/types\/product"}],"replies":[{"embeddable":true,"href":"https:\/\/uj.adatbank.ro\/lexikon\/wp-json\/wp\/v2\/comments?post=24023"}],"wp:attachment":[{"href":"https:\/\/uj.adatbank.ro\/lexikon\/wp-json\/wp\/v2\/media?parent=24023"}],"wp:term":[{"taxonomy":"product_brand","embeddable":true,"href":"https:\/\/uj.adatbank.ro\/lexikon\/wp-json\/wp\/v2\/product_brand?post=24023"},{"taxonomy":"product_cat","embeddable":true,"href":"https:\/\/uj.adatbank.ro\/lexikon\/wp-json\/wp\/v2\/product_cat?post=24023"},{"taxonomy":"product_tag","embeddable":true,"href":"https:\/\/uj.adatbank.ro\/lexikon\/wp-json\/wp\/v2\/product_tag?post=24023"}],"curies":[{"name":"wp","href":"https:\/\/api.w.org\/{rel}","templated":true}]}}