{"id":24026,"date":"2025-08-01T17:51:41","date_gmt":"2025-08-01T15:51:41","guid":{"rendered":"https:\/\/uj.adatbank.ro\/lexikon\/termek\/valentini-samuel\/"},"modified":"2025-08-01T17:51:41","modified_gmt":"2025-08-01T15:51:41","slug":"valentini-samuel","status":"publish","type":"product","link":"https:\/\/uj.adatbank.ro\/lexikon\/termek\/valentini-samuel\/","title":{"rendered":"VALENTINI S\u00e1muel"},"content":{"rendered":"<p>Segesv\u00e1r, ? \u2020\u00a0?: evang. lelk\u00e9sz, segesv\u00e1ri sz\u00e1rmaz\u00e1s\u00fa. \u2013 Lelk\u00e9sz volt Kisfeh\u00e9regyh\u00e1z\u00e1n (Besz.-Nasz) (1697). K\u00e9zirati munk\u00e1ja: J. N. J. A. A. Currentes anniversarii, iique universarii sub officio decanatus viri maxime venerabilis clarissimi atque experimentissimi, solertissimi emanati et ex ipsis authenticis descripti&#8230; Inchoati anno 1696 Mense Martio. <br \/><strong>\u2013 Irod.:<\/strong> Szinnyei.<\/br><\/p>\n","protected":false},"excerpt":{"rendered":"<p>Segesv\u00e1r, ? \u2020\u00a0?: evang. lelk\u00e9sz, segesv\u00e1ri sz\u00e1rmaz\u00e1s\u00fa. \u2013 Lelk\u00e9sz volt Kisfeh\u00e9regyh\u00e1z\u00e1n (Besz.-Nasz) (1697). K\u00e9zirati munk\u00e1ja: J. N. J. A. A. Currentes anniversarii, iique universarii sub officio decanatus viri maxime venerabilis clarissimi atque experimentissimi, solertissimi emanati et ex ipsis authenticis descripti&#8230; Inchoati anno 1696 Mense Martio. \u2013 Irod.: Szinnyei.<\/p>\n","protected":false},"featured_media":0,"comment_status":"open","ping_status":"closed","template":"","meta":[],"product_brand":[],"product_cat":[137],"product_tag":[],"class_list":{"0":"post-24026","1":"product","2":"type-product","3":"status-publish","5":"product_cat-maros-megyei-eletrajzi-lexikon","7":"first","8":"instock","9":"shipping-taxable","10":"product-type-simple"},"_links":{"self":[{"href":"https:\/\/uj.adatbank.ro\/lexikon\/wp-json\/wp\/v2\/product\/24026","targetHints":{"allow":["GET"]}}],"collection":[{"href":"https:\/\/uj.adatbank.ro\/lexikon\/wp-json\/wp\/v2\/product"}],"about":[{"href":"https:\/\/uj.adatbank.ro\/lexikon\/wp-json\/wp\/v2\/types\/product"}],"replies":[{"embeddable":true,"href":"https:\/\/uj.adatbank.ro\/lexikon\/wp-json\/wp\/v2\/comments?post=24026"}],"wp:attachment":[{"href":"https:\/\/uj.adatbank.ro\/lexikon\/wp-json\/wp\/v2\/media?parent=24026"}],"wp:term":[{"taxonomy":"product_brand","embeddable":true,"href":"https:\/\/uj.adatbank.ro\/lexikon\/wp-json\/wp\/v2\/product_brand?post=24026"},{"taxonomy":"product_cat","embeddable":true,"href":"https:\/\/uj.adatbank.ro\/lexikon\/wp-json\/wp\/v2\/product_cat?post=24026"},{"taxonomy":"product_tag","embeddable":true,"href":"https:\/\/uj.adatbank.ro\/lexikon\/wp-json\/wp\/v2\/product_tag?post=24026"}],"curies":[{"name":"wp","href":"https:\/\/api.w.org\/{rel}","templated":true}]}}