{"id":24027,"date":"2025-08-01T17:51:43","date_gmt":"2025-08-01T15:51:43","guid":{"rendered":"https:\/\/uj.adatbank.ro\/lexikon\/termek\/valentinus-pictor-magister\/"},"modified":"2025-08-01T17:51:43","modified_gmt":"2025-08-01T15:51:43","slug":"valentinus-pictor-magister","status":"publish","type":"product","link":"https:\/\/uj.adatbank.ro\/lexikon\/termek\/valentinus-pictor-magister\/","title":{"rendered":"VALENTINUS Pictor Magister"},"content":{"rendered":"<p>B\u00e9cs, ? \u2020 Szeben, ?: k\u00e9p\u00edr\u00f3 Segesv\u00e1ron. B\u00edr\u00f3 is volt (1483\u20131510). <br \/><strong>\u2013 Irod.:<\/strong> Entz G\u00e9za: M\u0171v\u00e9szek \u00e9s mesterek az erd\u00e9lyi g\u00f3tik\u00e1ban = Eml\u00e9kk. K.L. 80; Moln\u00e1r; Firea-Pop.<\/br><\/p>\n","protected":false},"excerpt":{"rendered":"<p>B\u00e9cs, ? \u2020 Szeben, ?: k\u00e9p\u00edr\u00f3 Segesv\u00e1ron. B\u00edr\u00f3 is volt (1483\u20131510). \u2013 Irod.: Entz G\u00e9za: M\u0171v\u00e9szek \u00e9s mesterek az erd\u00e9lyi g\u00f3tik\u00e1ban = Eml\u00e9kk. K.L. 80; Moln\u00e1r; Firea-Pop.<\/p>\n","protected":false},"featured_media":0,"comment_status":"open","ping_status":"closed","template":"","meta":[],"product_brand":[],"product_cat":[137],"product_tag":[],"class_list":{"0":"post-24027","1":"product","2":"type-product","3":"status-publish","5":"product_cat-maros-megyei-eletrajzi-lexikon","7":"first","8":"instock","9":"shipping-taxable","10":"product-type-simple"},"_links":{"self":[{"href":"https:\/\/uj.adatbank.ro\/lexikon\/wp-json\/wp\/v2\/product\/24027","targetHints":{"allow":["GET"]}}],"collection":[{"href":"https:\/\/uj.adatbank.ro\/lexikon\/wp-json\/wp\/v2\/product"}],"about":[{"href":"https:\/\/uj.adatbank.ro\/lexikon\/wp-json\/wp\/v2\/types\/product"}],"replies":[{"embeddable":true,"href":"https:\/\/uj.adatbank.ro\/lexikon\/wp-json\/wp\/v2\/comments?post=24027"}],"wp:attachment":[{"href":"https:\/\/uj.adatbank.ro\/lexikon\/wp-json\/wp\/v2\/media?parent=24027"}],"wp:term":[{"taxonomy":"product_brand","embeddable":true,"href":"https:\/\/uj.adatbank.ro\/lexikon\/wp-json\/wp\/v2\/product_brand?post=24027"},{"taxonomy":"product_cat","embeddable":true,"href":"https:\/\/uj.adatbank.ro\/lexikon\/wp-json\/wp\/v2\/product_cat?post=24027"},{"taxonomy":"product_tag","embeddable":true,"href":"https:\/\/uj.adatbank.ro\/lexikon\/wp-json\/wp\/v2\/product_tag?post=24027"}],"curies":[{"name":"wp","href":"https:\/\/api.w.org\/{rel}","templated":true}]}}