{"id":24029,"date":"2025-08-01T17:51:47","date_gmt":"2025-08-01T15:51:47","guid":{"rendered":"https:\/\/uj.adatbank.ro\/lexikon\/termek\/valics-erno\/"},"modified":"2025-08-01T17:51:47","modified_gmt":"2025-08-01T15:51:47","slug":"valics-erno","status":"publish","type":"product","link":"https:\/\/uj.adatbank.ro\/lexikon\/termek\/valics-erno\/","title":{"rendered":"VALICS Ern\u0151"},"content":{"rendered":"<p>1923 \u2020\u00a0Mv., 2001. dec. 28.: orvos. \u2013 Ny\u00e1r\u00e1dt\u0151n tanult, majd Kv.-on k\u00e9mia szakon kezdte egyetemi tanulm\u00e1nyait, de a MOGYI orvosi kar\u00e1n folytatta \u00e9s v\u00e9gzett (1959). Moldv\u00e1ban kezdte orvosi aktivit\u00e1s\u00e1t, majd a marosi B\u00f6lk\u00e9ny k\u00f6zs\u00e9g egyik faluj\u00e1ban k\u00f6rorvos nyolc \u00e9vig. Mv.-en \u00fczemorvos a Gazmetan v\u00e1llalatn\u00e1l (1970\u2013). <br \/><strong>\u2013 Irod.:<\/strong> Kiss\u2013P\u00e9terffy\u2013P\u00e9terffy.<\/br><\/p>\n","protected":false},"excerpt":{"rendered":"<p>1923 \u2020\u00a0Mv., 2001. dec. 28.: orvos. \u2013 Ny\u00e1r\u00e1dt\u0151n tanult, majd Kv.-on k\u00e9mia szakon kezdte egyetemi tanulm\u00e1nyait, de a MOGYI orvosi kar\u00e1n folytatta \u00e9s v\u00e9gzett (1959). Moldv\u00e1ban kezdte orvosi aktivit\u00e1s\u00e1t, majd a marosi B\u00f6lk\u00e9ny k\u00f6zs\u00e9g egyik faluj\u00e1ban k\u00f6rorvos nyolc \u00e9vig. Mv.-en \u00fczemorvos a Gazmetan v\u00e1llalatn\u00e1l (1970\u2013). \u2013 Irod.: Kiss\u2013P\u00e9terffy\u2013P\u00e9terffy.<\/p>\n","protected":false},"featured_media":0,"comment_status":"open","ping_status":"closed","template":"","meta":[],"product_brand":[],"product_cat":[137],"product_tag":[],"class_list":{"0":"post-24029","1":"product","2":"type-product","3":"status-publish","5":"product_cat-maros-megyei-eletrajzi-lexikon","7":"first","8":"instock","9":"shipping-taxable","10":"product-type-simple"},"_links":{"self":[{"href":"https:\/\/uj.adatbank.ro\/lexikon\/wp-json\/wp\/v2\/product\/24029","targetHints":{"allow":["GET"]}}],"collection":[{"href":"https:\/\/uj.adatbank.ro\/lexikon\/wp-json\/wp\/v2\/product"}],"about":[{"href":"https:\/\/uj.adatbank.ro\/lexikon\/wp-json\/wp\/v2\/types\/product"}],"replies":[{"embeddable":true,"href":"https:\/\/uj.adatbank.ro\/lexikon\/wp-json\/wp\/v2\/comments?post=24029"}],"wp:attachment":[{"href":"https:\/\/uj.adatbank.ro\/lexikon\/wp-json\/wp\/v2\/media?parent=24029"}],"wp:term":[{"taxonomy":"product_brand","embeddable":true,"href":"https:\/\/uj.adatbank.ro\/lexikon\/wp-json\/wp\/v2\/product_brand?post=24029"},{"taxonomy":"product_cat","embeddable":true,"href":"https:\/\/uj.adatbank.ro\/lexikon\/wp-json\/wp\/v2\/product_cat?post=24029"},{"taxonomy":"product_tag","embeddable":true,"href":"https:\/\/uj.adatbank.ro\/lexikon\/wp-json\/wp\/v2\/product_tag?post=24029"}],"curies":[{"name":"wp","href":"https:\/\/api.w.org\/{rel}","templated":true}]}}