{"id":24032,"date":"2025-08-01T17:51:55","date_gmt":"2025-08-01T15:51:55","guid":{"rendered":"https:\/\/uj.adatbank.ro\/lexikon\/termek\/vallon-peter-hejasfalvi\/"},"modified":"2025-08-01T17:51:55","modified_gmt":"2025-08-01T15:51:55","slug":"vallon-peter-hejasfalvi","status":"publish","type":"product","link":"https:\/\/uj.adatbank.ro\/lexikon\/termek\/vallon-peter-hejasfalvi\/","title":{"rendered":"VALLON P\u00e9ter, h\u00e9jasfalvi"},"content":{"rendered":"<p>? \u2020\u00a0? 1637. szept. 25. ut\u00e1n: vicekapit\u00e1ny. \u2013 Feles\u00e9ge: H\u00e9jjasfalvi Margit. R\u00e1k\u00f3czi Gy\u00f6rgy udvari gyalog vicekapit\u00e1nya. V\u00e9grendelet\u00e9ben (Gyulafeh\u00e9rv\u00e1r, 1637. szept. 25.) gyulafeh\u00e9rv\u00e1ri, h\u00e9jjasfalvi k\u0151h\u00e1z\u00e1t, s\u00e1rdi j\u00f3sz\u00e1g\u00e1t \u00e9s egy\u00e9b vagyon\u00e1t feles\u00e9g\u00e9re, le\u00e1nyaira \u00e9s Semeny P\u00e9ter unok\u00e1j\u00e1ra hagyta. <br \/><strong>\u2013 Irod.:<\/strong> Erd\u00e9lyi testamentumok, 3.<\/br><\/p>\n","protected":false},"excerpt":{"rendered":"<p>? \u2020\u00a0? 1637. szept. 25. ut\u00e1n: vicekapit\u00e1ny. \u2013 Feles\u00e9ge: H\u00e9jjasfalvi Margit. R\u00e1k\u00f3czi Gy\u00f6rgy udvari gyalog vicekapit\u00e1nya. V\u00e9grendelet\u00e9ben (Gyulafeh\u00e9rv\u00e1r, 1637. szept. 25.) gyulafeh\u00e9rv\u00e1ri, h\u00e9jjasfalvi k\u0151h\u00e1z\u00e1t, s\u00e1rdi j\u00f3sz\u00e1g\u00e1t \u00e9s egy\u00e9b vagyon\u00e1t feles\u00e9g\u00e9re, le\u00e1nyaira \u00e9s Semeny P\u00e9ter unok\u00e1j\u00e1ra hagyta. \u2013 Irod.: Erd\u00e9lyi testamentumok, 3.<\/p>\n","protected":false},"featured_media":0,"comment_status":"open","ping_status":"closed","template":"","meta":[],"product_brand":[],"product_cat":[137],"product_tag":[],"class_list":{"0":"post-24032","1":"product","2":"type-product","3":"status-publish","5":"product_cat-maros-megyei-eletrajzi-lexikon","7":"first","8":"instock","9":"shipping-taxable","10":"product-type-simple"},"_links":{"self":[{"href":"https:\/\/uj.adatbank.ro\/lexikon\/wp-json\/wp\/v2\/product\/24032","targetHints":{"allow":["GET"]}}],"collection":[{"href":"https:\/\/uj.adatbank.ro\/lexikon\/wp-json\/wp\/v2\/product"}],"about":[{"href":"https:\/\/uj.adatbank.ro\/lexikon\/wp-json\/wp\/v2\/types\/product"}],"replies":[{"embeddable":true,"href":"https:\/\/uj.adatbank.ro\/lexikon\/wp-json\/wp\/v2\/comments?post=24032"}],"wp:attachment":[{"href":"https:\/\/uj.adatbank.ro\/lexikon\/wp-json\/wp\/v2\/media?parent=24032"}],"wp:term":[{"taxonomy":"product_brand","embeddable":true,"href":"https:\/\/uj.adatbank.ro\/lexikon\/wp-json\/wp\/v2\/product_brand?post=24032"},{"taxonomy":"product_cat","embeddable":true,"href":"https:\/\/uj.adatbank.ro\/lexikon\/wp-json\/wp\/v2\/product_cat?post=24032"},{"taxonomy":"product_tag","embeddable":true,"href":"https:\/\/uj.adatbank.ro\/lexikon\/wp-json\/wp\/v2\/product_tag?post=24032"}],"curies":[{"name":"wp","href":"https:\/\/api.w.org\/{rel}","templated":true}]}}