{"id":24034,"date":"2025-08-01T17:51:59","date_gmt":"2025-08-01T15:51:59","guid":{"rendered":"https:\/\/uj.adatbank.ro\/lexikon\/termek\/valyi-andras\/"},"modified":"2025-08-01T17:51:59","modified_gmt":"2025-08-01T15:51:59","slug":"valyi-andras","status":"publish","type":"product","link":"https:\/\/uj.adatbank.ro\/lexikon\/termek\/valyi-andras\/","title":{"rendered":"V\u00c1LYI Andr\u00e1s"},"content":{"rendered":"<p>? \u2020\u00a0?: ref. lelk\u00e9sz. \u2013 Subscrib\u00e1lt S\u00e1rospatak-Gyulafeh\u00e9rv\u00e1ron (1673), lelk\u00e9sz volt Ebesfalv\u00e1n (1677), K\u00f3rodszentm\u00e1rtonban (1696), B\u00fcrk\u00f6s\u00f6n, Sz\u0151kefalv\u00e1n (1697\u20131703), Nagykenden (1713\u20131716) \u00e9s Balav\u00e1s\u00e1ron (\u20131719). <br \/><strong>\u2013 Irod.:<\/strong> K\u00fck\u00fcll\u0151i Ref. Egyh\u00e1zm. 1. 2., 4.; Nagy L\u00e1szl\u00f3.<\/br><\/p>\n","protected":false},"excerpt":{"rendered":"<p>? \u2020\u00a0?: ref. lelk\u00e9sz. \u2013 Subscrib\u00e1lt S\u00e1rospatak-Gyulafeh\u00e9rv\u00e1ron (1673), lelk\u00e9sz volt Ebesfalv\u00e1n (1677), K\u00f3rodszentm\u00e1rtonban (1696), B\u00fcrk\u00f6s\u00f6n, Sz\u0151kefalv\u00e1n (1697\u20131703), Nagykenden (1713\u20131716) \u00e9s Balav\u00e1s\u00e1ron (\u20131719). \u2013 Irod.: K\u00fck\u00fcll\u0151i Ref. Egyh\u00e1zm. 1. 2., 4.; Nagy L\u00e1szl\u00f3.<\/p>\n","protected":false},"featured_media":0,"comment_status":"open","ping_status":"closed","template":"","meta":[],"product_brand":[],"product_cat":[137],"product_tag":[],"class_list":{"0":"post-24034","1":"product","2":"type-product","3":"status-publish","5":"product_cat-maros-megyei-eletrajzi-lexikon","7":"first","8":"instock","9":"shipping-taxable","10":"product-type-simple"},"_links":{"self":[{"href":"https:\/\/uj.adatbank.ro\/lexikon\/wp-json\/wp\/v2\/product\/24034","targetHints":{"allow":["GET"]}}],"collection":[{"href":"https:\/\/uj.adatbank.ro\/lexikon\/wp-json\/wp\/v2\/product"}],"about":[{"href":"https:\/\/uj.adatbank.ro\/lexikon\/wp-json\/wp\/v2\/types\/product"}],"replies":[{"embeddable":true,"href":"https:\/\/uj.adatbank.ro\/lexikon\/wp-json\/wp\/v2\/comments?post=24034"}],"wp:attachment":[{"href":"https:\/\/uj.adatbank.ro\/lexikon\/wp-json\/wp\/v2\/media?parent=24034"}],"wp:term":[{"taxonomy":"product_brand","embeddable":true,"href":"https:\/\/uj.adatbank.ro\/lexikon\/wp-json\/wp\/v2\/product_brand?post=24034"},{"taxonomy":"product_cat","embeddable":true,"href":"https:\/\/uj.adatbank.ro\/lexikon\/wp-json\/wp\/v2\/product_cat?post=24034"},{"taxonomy":"product_tag","embeddable":true,"href":"https:\/\/uj.adatbank.ro\/lexikon\/wp-json\/wp\/v2\/product_tag?post=24034"}],"curies":[{"name":"wp","href":"https:\/\/api.w.org\/{rel}","templated":true}]}}