{"id":24037,"date":"2025-08-01T17:52:07","date_gmt":"2025-08-01T15:52:07","guid":{"rendered":"https:\/\/uj.adatbank.ro\/lexikon\/termek\/valyi-ferenc\/"},"modified":"2025-08-01T17:52:07","modified_gmt":"2025-08-01T15:52:07","slug":"valyi-ferenc","status":"publish","type":"product","link":"https:\/\/uj.adatbank.ro\/lexikon\/termek\/valyi-ferenc\/","title":{"rendered":"VALYI Ferenc"},"content":{"rendered":"<p>? \u2020\u00a0?: ref. lelk\u00e9sz. \u2013 Balav\u00e1s\u00e1ron volt lelk\u00e9sz (1709 el\u0151tt). K\u00f6nyveit a mv.-i Schola Particul\u00e1ra hagyta (42 c\u00edm, 1709). <br \/><strong>\u2013 Irod.:<\/strong> Id\u0151t\u00e1r 1; K\u00fck\u00fcll\u0151i Ref. Egyh\u00e1zm. 1.<\/br><\/p>\n","protected":false},"excerpt":{"rendered":"<p>? \u2020\u00a0?: ref. lelk\u00e9sz. \u2013 Balav\u00e1s\u00e1ron volt lelk\u00e9sz (1709 el\u0151tt). K\u00f6nyveit a mv.-i Schola Particul\u00e1ra hagyta (42 c\u00edm, 1709). \u2013 Irod.: Id\u0151t\u00e1r 1; K\u00fck\u00fcll\u0151i Ref. Egyh\u00e1zm. 1.<\/p>\n","protected":false},"featured_media":0,"comment_status":"open","ping_status":"closed","template":"","meta":[],"product_brand":[],"product_cat":[137],"product_tag":[],"class_list":{"0":"post-24037","1":"product","2":"type-product","3":"status-publish","5":"product_cat-maros-megyei-eletrajzi-lexikon","7":"first","8":"instock","9":"shipping-taxable","10":"product-type-simple"},"_links":{"self":[{"href":"https:\/\/uj.adatbank.ro\/lexikon\/wp-json\/wp\/v2\/product\/24037","targetHints":{"allow":["GET"]}}],"collection":[{"href":"https:\/\/uj.adatbank.ro\/lexikon\/wp-json\/wp\/v2\/product"}],"about":[{"href":"https:\/\/uj.adatbank.ro\/lexikon\/wp-json\/wp\/v2\/types\/product"}],"replies":[{"embeddable":true,"href":"https:\/\/uj.adatbank.ro\/lexikon\/wp-json\/wp\/v2\/comments?post=24037"}],"wp:attachment":[{"href":"https:\/\/uj.adatbank.ro\/lexikon\/wp-json\/wp\/v2\/media?parent=24037"}],"wp:term":[{"taxonomy":"product_brand","embeddable":true,"href":"https:\/\/uj.adatbank.ro\/lexikon\/wp-json\/wp\/v2\/product_brand?post=24037"},{"taxonomy":"product_cat","embeddable":true,"href":"https:\/\/uj.adatbank.ro\/lexikon\/wp-json\/wp\/v2\/product_cat?post=24037"},{"taxonomy":"product_tag","embeddable":true,"href":"https:\/\/uj.adatbank.ro\/lexikon\/wp-json\/wp\/v2\/product_tag?post=24037"}],"curies":[{"name":"wp","href":"https:\/\/api.w.org\/{rel}","templated":true}]}}