{"id":24041,"date":"2025-08-01T17:52:20","date_gmt":"2025-08-01T15:52:20","guid":{"rendered":"https:\/\/uj.adatbank.ro\/lexikon\/termek\/valyi-janos-2\/"},"modified":"2025-08-01T17:52:20","modified_gmt":"2025-08-01T15:52:20","slug":"valyi-janos-2","status":"publish","type":"product","link":"https:\/\/uj.adatbank.ro\/lexikon\/termek\/valyi-janos-2\/","title":{"rendered":"V\u00c1LYI J\u00e1nos"},"content":{"rendered":"<p>? \u2020\u00a0?: ref. lelk\u00e9sz. \u2013 Apja V. P\u00e1l, ny\u00e1r\u00e1dszentbenedeki lelk\u00e9sz. Feles\u00e9ge Fekete Anna. N\u00e9gy gyermek\u00fck volt. A mv.- Ref. Koll. di\u00e1kja 15. \u00e9v\u00e9t\u0151l. Uzdiszentp\u00e9teren volt lelk\u00e9sz (1859\u201398), hat \u00e9ven \u00e1t beszolg\u00e1lt Nagy\u00f6lyvesre is (1888\u201394), Bir\u00f3 Ferenc ut\u00f3dak\u00e9nt. <br \/><strong>\u2013 Irod.:<\/strong> B\u00f6jthe Andor: A G\u00f6rg\u00e9nyi ev. ref. egyh\u00e1zmegye t\u00f6rt\u00e9nete [k\u00e9zirat]; S\u00e2npetru de C\u00e2mpie.<\/br><\/p>\n","protected":false},"excerpt":{"rendered":"<p>? \u2020\u00a0?: ref. lelk\u00e9sz. \u2013 Apja V. P\u00e1l, ny\u00e1r\u00e1dszentbenedeki lelk\u00e9sz. Feles\u00e9ge Fekete Anna. N\u00e9gy gyermek\u00fck volt. A mv.- Ref. Koll. di\u00e1kja 15. \u00e9v\u00e9t\u0151l. Uzdiszentp\u00e9teren volt lelk\u00e9sz (1859\u201398), hat \u00e9ven \u00e1t beszolg\u00e1lt Nagy\u00f6lyvesre is (1888\u201394), Bir\u00f3 Ferenc ut\u00f3dak\u00e9nt. \u2013 Irod.: B\u00f6jthe Andor: A G\u00f6rg\u00e9nyi ev. ref. egyh\u00e1zmegye t\u00f6rt\u00e9nete [k\u00e9zirat]; S\u00e2npetru de C\u00e2mpie.<\/p>\n","protected":false},"featured_media":0,"comment_status":"open","ping_status":"closed","template":"","meta":[],"product_brand":[],"product_cat":[137],"product_tag":[],"class_list":{"0":"post-24041","1":"product","2":"type-product","3":"status-publish","5":"product_cat-maros-megyei-eletrajzi-lexikon","7":"first","8":"instock","9":"shipping-taxable","10":"product-type-simple"},"_links":{"self":[{"href":"https:\/\/uj.adatbank.ro\/lexikon\/wp-json\/wp\/v2\/product\/24041","targetHints":{"allow":["GET"]}}],"collection":[{"href":"https:\/\/uj.adatbank.ro\/lexikon\/wp-json\/wp\/v2\/product"}],"about":[{"href":"https:\/\/uj.adatbank.ro\/lexikon\/wp-json\/wp\/v2\/types\/product"}],"replies":[{"embeddable":true,"href":"https:\/\/uj.adatbank.ro\/lexikon\/wp-json\/wp\/v2\/comments?post=24041"}],"wp:attachment":[{"href":"https:\/\/uj.adatbank.ro\/lexikon\/wp-json\/wp\/v2\/media?parent=24041"}],"wp:term":[{"taxonomy":"product_brand","embeddable":true,"href":"https:\/\/uj.adatbank.ro\/lexikon\/wp-json\/wp\/v2\/product_brand?post=24041"},{"taxonomy":"product_cat","embeddable":true,"href":"https:\/\/uj.adatbank.ro\/lexikon\/wp-json\/wp\/v2\/product_cat?post=24041"},{"taxonomy":"product_tag","embeddable":true,"href":"https:\/\/uj.adatbank.ro\/lexikon\/wp-json\/wp\/v2\/product_tag?post=24041"}],"curies":[{"name":"wp","href":"https:\/\/api.w.org\/{rel}","templated":true}]}}