{"id":24045,"date":"2025-08-01T17:52:32","date_gmt":"2025-08-01T15:52:32","guid":{"rendered":"https:\/\/uj.adatbank.ro\/lexikon\/termek\/valyi-pal\/"},"modified":"2025-08-01T17:52:32","modified_gmt":"2025-08-01T15:52:32","slug":"valyi-pal","status":"publish","type":"product","link":"https:\/\/uj.adatbank.ro\/lexikon\/termek\/valyi-pal\/","title":{"rendered":"V\u00c1LYI P\u00e1l"},"content":{"rendered":"<p>Backamadaras, ? \u2020\u00a0?: ref. esperes-lelk\u00e9sz. \u2013 Apja: V. P\u00e1l esperes. Feles\u00e9ge Csont Judit, gyermektelenek. Ny\u00e1r\u00e1dszentbenedeki lelk\u00e9sz (1850\u2013), marosi ref. egyh\u00e1zmegye esperese (1873\u20131883). Az Iskolasz\u00e9k eln\u00f6ke volt (1876. nov. 27. \u2013 1883. jan. 6.). R\u00e9szt vett a ref. egyh\u00e1z Debrecenben tartott zsinat\u00e1n (1881. okt. 31. \u2013 nov. 24.), akkor m\u00e1r nyug. szentbenedeki lelk\u00e9sz volt. \u2013  <strong>F. m..:<\/strong> Ima, melyet n\u00e9hai \u00f6zvegy gr\u00f3f Dessewffy J\u00f3hanna \u0151 m\u00e9lt\u00f3s\u00e1ga kopors\u00f3ja felett Ny\u00e1r\u00e1d-Szent-Benedeken 1868. okt. 18. mondott. (Kv, 1880). <br \/><strong>\u2013 Irod.:<\/strong> Ny\u00e1r\u00e1dszentbenedek; Szinnyei.<\/br><\/p>\n","protected":false},"excerpt":{"rendered":"<p>Backamadaras, ? \u2020\u00a0?: ref. esperes-lelk\u00e9sz. \u2013 Apja: V. P\u00e1l esperes. Feles\u00e9ge Csont Judit, gyermektelenek. Ny\u00e1r\u00e1dszentbenedeki lelk\u00e9sz (1850\u2013), marosi ref. egyh\u00e1zmegye esperese (1873\u20131883). Az Iskolasz\u00e9k eln\u00f6ke volt (1876. nov. 27. \u2013 1883. jan. 6.). R\u00e9szt vett a ref. egyh\u00e1z Debrecenben tartott zsinat\u00e1n (1881. okt. 31. \u2013 nov. 24.), akkor m\u00e1r nyug. szentbenedeki lelk\u00e9sz volt. \u2013 F. [&hellip;]<\/p>\n","protected":false},"featured_media":0,"comment_status":"open","ping_status":"closed","template":"","meta":[],"product_brand":[],"product_cat":[137],"product_tag":[],"class_list":{"0":"post-24045","1":"product","2":"type-product","3":"status-publish","5":"product_cat-maros-megyei-eletrajzi-lexikon","7":"first","8":"instock","9":"shipping-taxable","10":"product-type-simple"},"_links":{"self":[{"href":"https:\/\/uj.adatbank.ro\/lexikon\/wp-json\/wp\/v2\/product\/24045","targetHints":{"allow":["GET"]}}],"collection":[{"href":"https:\/\/uj.adatbank.ro\/lexikon\/wp-json\/wp\/v2\/product"}],"about":[{"href":"https:\/\/uj.adatbank.ro\/lexikon\/wp-json\/wp\/v2\/types\/product"}],"replies":[{"embeddable":true,"href":"https:\/\/uj.adatbank.ro\/lexikon\/wp-json\/wp\/v2\/comments?post=24045"}],"wp:attachment":[{"href":"https:\/\/uj.adatbank.ro\/lexikon\/wp-json\/wp\/v2\/media?parent=24045"}],"wp:term":[{"taxonomy":"product_brand","embeddable":true,"href":"https:\/\/uj.adatbank.ro\/lexikon\/wp-json\/wp\/v2\/product_brand?post=24045"},{"taxonomy":"product_cat","embeddable":true,"href":"https:\/\/uj.adatbank.ro\/lexikon\/wp-json\/wp\/v2\/product_cat?post=24045"},{"taxonomy":"product_tag","embeddable":true,"href":"https:\/\/uj.adatbank.ro\/lexikon\/wp-json\/wp\/v2\/product_tag?post=24045"}],"curies":[{"name":"wp","href":"https:\/\/api.w.org\/{rel}","templated":true}]}}