{"id":24046,"date":"2025-08-01T17:52:34","date_gmt":"2025-08-01T15:52:34","guid":{"rendered":"https:\/\/uj.adatbank.ro\/lexikon\/termek\/valyi-pal-vallyi-pal\/"},"modified":"2025-08-01T17:52:34","modified_gmt":"2025-08-01T15:52:34","slug":"valyi-pal-vallyi-pal","status":"publish","type":"product","link":"https:\/\/uj.adatbank.ro\/lexikon\/termek\/valyi-pal-vallyi-pal\/","title":{"rendered":"V\u00c1LYI P\u00e1l, V\u00e1llyi P\u00e1l"},"content":{"rendered":"<p>Backamadaras, ? \u2020\u00a0?: ref. lelk\u00e9sz, esperes. \u2013 Feles\u00e9ge: Fogarasi Zsuzsanna. 15 gyermeke feln\u0151tt \u00e9s csal\u00e1dot alap\u00edtott 7 gyermek. Lelk\u00e9sz fi\u00fak V. P\u00e1l., fogadott gyermekeik: Barra P\u00e1l \u00e9s Csont Ilona. \u2013 Tanult Mv.-en, Marburgban (1816). Pap Backamadarason (1816\u201319), Koronk\u00e1n (1820\u201325), Ny\u00e1r\u00e1dszentbenedeken (1825\u201349). Ebben az id\u0151ben \u00e9p\u00fclt a szentbenedeki iskola \u00e9s k\u00e1ntortan\u00edt\u00f3i lak\u00e1s (1843). A Marosi ref. egyh\u00e1zmegye esperese (1848\u201349). \u2013  <strong>F. m..:<\/strong> Halotti k\u00f6ny\u00f6rg\u00e9s Vay Kata Toldalagi Zsigmondn\u00e9 felett &#8230; (Mv., 1831); Ima, melyet n\u00e9hai \u00f6zvegy gr\u00f3f Dessewffy J\u00f3hanna \u0151 m\u00e9lt\u00f3s\u00e1ga kopors\u00f3ja felett Ny\u00e1r\u00e1d-Szent-Benedeken 1868. okt. 18. mondott. (Kv, 1880). <br \/><strong>\u2013 Irod.:<\/strong> Backamadaras; Imreh B.; Ny\u00e1r\u00e1dszentbenedek; Rugonfalvi Kiss; Szab\u00f3\u2013Sz\u00f6gi; Szinnyei; Szov\u00e1ta; Zov\u00e1nyi.<\/br><\/p>\n","protected":false},"excerpt":{"rendered":"<p>Backamadaras, ? \u2020\u00a0?: ref. lelk\u00e9sz, esperes. \u2013 Feles\u00e9ge: Fogarasi Zsuzsanna. 15 gyermeke feln\u0151tt \u00e9s csal\u00e1dot alap\u00edtott 7 gyermek. Lelk\u00e9sz fi\u00fak V. P\u00e1l., fogadott gyermekeik: Barra P\u00e1l \u00e9s Csont Ilona. \u2013 Tanult Mv.-en, Marburgban (1816). Pap Backamadarason (1816\u201319), Koronk\u00e1n (1820\u201325), Ny\u00e1r\u00e1dszentbenedeken (1825\u201349). Ebben az id\u0151ben \u00e9p\u00fclt a szentbenedeki iskola \u00e9s k\u00e1ntortan\u00edt\u00f3i lak\u00e1s (1843). A Marosi ref. [&hellip;]<\/p>\n","protected":false},"featured_media":0,"comment_status":"open","ping_status":"closed","template":"","meta":[],"product_brand":[],"product_cat":[137],"product_tag":[],"class_list":{"0":"post-24046","1":"product","2":"type-product","3":"status-publish","5":"product_cat-maros-megyei-eletrajzi-lexikon","7":"first","8":"instock","9":"shipping-taxable","10":"product-type-simple"},"_links":{"self":[{"href":"https:\/\/uj.adatbank.ro\/lexikon\/wp-json\/wp\/v2\/product\/24046","targetHints":{"allow":["GET"]}}],"collection":[{"href":"https:\/\/uj.adatbank.ro\/lexikon\/wp-json\/wp\/v2\/product"}],"about":[{"href":"https:\/\/uj.adatbank.ro\/lexikon\/wp-json\/wp\/v2\/types\/product"}],"replies":[{"embeddable":true,"href":"https:\/\/uj.adatbank.ro\/lexikon\/wp-json\/wp\/v2\/comments?post=24046"}],"wp:attachment":[{"href":"https:\/\/uj.adatbank.ro\/lexikon\/wp-json\/wp\/v2\/media?parent=24046"}],"wp:term":[{"taxonomy":"product_brand","embeddable":true,"href":"https:\/\/uj.adatbank.ro\/lexikon\/wp-json\/wp\/v2\/product_brand?post=24046"},{"taxonomy":"product_cat","embeddable":true,"href":"https:\/\/uj.adatbank.ro\/lexikon\/wp-json\/wp\/v2\/product_cat?post=24046"},{"taxonomy":"product_tag","embeddable":true,"href":"https:\/\/uj.adatbank.ro\/lexikon\/wp-json\/wp\/v2\/product_tag?post=24046"}],"curies":[{"name":"wp","href":"https:\/\/api.w.org\/{rel}","templated":true}]}}