{"id":24047,"date":"2025-08-01T17:52:38","date_gmt":"2025-08-01T15:52:38","guid":{"rendered":"https:\/\/uj.adatbank.ro\/lexikon\/termek\/vamos-alexandru\/"},"modified":"2025-08-01T17:52:38","modified_gmt":"2025-08-01T15:52:38","slug":"vamos-alexandru","status":"publish","type":"product","link":"https:\/\/uj.adatbank.ro\/lexikon\/termek\/vamos-alexandru\/","title":{"rendered":"VAMO\u015e, Alexandru"},"content":{"rendered":"<p>? \u2020\u00a0?: g. kat. lelk\u00e9sz. \u2013 Csehtelk\u00e9n szolg\u00e1lt (1857\u201383). Az \u0151 idej\u00e9ben \u00e9p\u00fclt a templom mell\u00e9 a ma is \u00e1ll\u00f3 \u00e9s haszn\u00e1lt harangtorony. <br \/><strong>\u2013 Irod.:<\/strong> S\u0103rma\u015fu.<\/br><\/p>\n","protected":false},"excerpt":{"rendered":"<p>? \u2020\u00a0?: g. kat. lelk\u00e9sz. \u2013 Csehtelk\u00e9n szolg\u00e1lt (1857\u201383). Az \u0151 idej\u00e9ben \u00e9p\u00fclt a templom mell\u00e9 a ma is \u00e1ll\u00f3 \u00e9s haszn\u00e1lt harangtorony. \u2013 Irod.: S\u0103rma\u015fu.<\/p>\n","protected":false},"featured_media":0,"comment_status":"open","ping_status":"closed","template":"","meta":[],"product_brand":[],"product_cat":[137],"product_tag":[],"class_list":{"0":"post-24047","1":"product","2":"type-product","3":"status-publish","5":"product_cat-maros-megyei-eletrajzi-lexikon","7":"first","8":"instock","9":"shipping-taxable","10":"product-type-simple"},"_links":{"self":[{"href":"https:\/\/uj.adatbank.ro\/lexikon\/wp-json\/wp\/v2\/product\/24047","targetHints":{"allow":["GET"]}}],"collection":[{"href":"https:\/\/uj.adatbank.ro\/lexikon\/wp-json\/wp\/v2\/product"}],"about":[{"href":"https:\/\/uj.adatbank.ro\/lexikon\/wp-json\/wp\/v2\/types\/product"}],"replies":[{"embeddable":true,"href":"https:\/\/uj.adatbank.ro\/lexikon\/wp-json\/wp\/v2\/comments?post=24047"}],"wp:attachment":[{"href":"https:\/\/uj.adatbank.ro\/lexikon\/wp-json\/wp\/v2\/media?parent=24047"}],"wp:term":[{"taxonomy":"product_brand","embeddable":true,"href":"https:\/\/uj.adatbank.ro\/lexikon\/wp-json\/wp\/v2\/product_brand?post=24047"},{"taxonomy":"product_cat","embeddable":true,"href":"https:\/\/uj.adatbank.ro\/lexikon\/wp-json\/wp\/v2\/product_cat?post=24047"},{"taxonomy":"product_tag","embeddable":true,"href":"https:\/\/uj.adatbank.ro\/lexikon\/wp-json\/wp\/v2\/product_tag?post=24047"}],"curies":[{"name":"wp","href":"https:\/\/api.w.org\/{rel}","templated":true}]}}