{"id":24048,"date":"2025-08-01T17:52:40","date_gmt":"2025-08-01T15:52:40","guid":{"rendered":"https:\/\/uj.adatbank.ro\/lexikon\/termek\/vamos-gheorghe\/"},"modified":"2025-08-01T17:52:40","modified_gmt":"2025-08-01T15:52:40","slug":"vamos-gheorghe","status":"publish","type":"product","link":"https:\/\/uj.adatbank.ro\/lexikon\/termek\/vamos-gheorghe\/","title":{"rendered":"VAMO\u015e, Gheorghe"},"content":{"rendered":"<p>? \u2020\u00a0?: g. kat. lelk\u00e9sz. \u2013 Csehtelk\u00e9n szolg\u00e1lt (1810\u201357). Az \u0151 idej\u00e9ben k\u00f6lt\u00f6ztett\u00e9k egy magaslatra a g. kat. templomot \u00e9s papi lakot (1839). A par\u00f3kia iratt\u00e1r\u00e1ban az els\u0151 oktat\u00e1sra vonatkoz\u00f3 adatok is megtal\u00e1lhat\u00f3ak (1836-ban 18 fi\u00fa \u00e9s 22 le\u00e1ny volt beiratva). A par\u00f3kia ekkor m\u00e9g Katona (Kolozs) esperess\u00e9ghez tartozott. <br \/><strong>\u2013 Irod.:<\/strong> S\u0103rma\u015fu.<\/br><\/p>\n","protected":false},"excerpt":{"rendered":"<p>? \u2020\u00a0?: g. kat. lelk\u00e9sz. \u2013 Csehtelk\u00e9n szolg\u00e1lt (1810\u201357). Az \u0151 idej\u00e9ben k\u00f6lt\u00f6ztett\u00e9k egy magaslatra a g. kat. templomot \u00e9s papi lakot (1839). A par\u00f3kia iratt\u00e1r\u00e1ban az els\u0151 oktat\u00e1sra vonatkoz\u00f3 adatok is megtal\u00e1lhat\u00f3ak (1836-ban 18 fi\u00fa \u00e9s 22 le\u00e1ny volt beiratva). A par\u00f3kia ekkor m\u00e9g Katona (Kolozs) esperess\u00e9ghez tartozott. \u2013 Irod.: S\u0103rma\u015fu.<\/p>\n","protected":false},"featured_media":0,"comment_status":"open","ping_status":"closed","template":"","meta":[],"product_brand":[],"product_cat":[137],"product_tag":[],"class_list":{"0":"post-24048","1":"product","2":"type-product","3":"status-publish","5":"product_cat-maros-megyei-eletrajzi-lexikon","7":"first","8":"instock","9":"shipping-taxable","10":"product-type-simple"},"_links":{"self":[{"href":"https:\/\/uj.adatbank.ro\/lexikon\/wp-json\/wp\/v2\/product\/24048","targetHints":{"allow":["GET"]}}],"collection":[{"href":"https:\/\/uj.adatbank.ro\/lexikon\/wp-json\/wp\/v2\/product"}],"about":[{"href":"https:\/\/uj.adatbank.ro\/lexikon\/wp-json\/wp\/v2\/types\/product"}],"replies":[{"embeddable":true,"href":"https:\/\/uj.adatbank.ro\/lexikon\/wp-json\/wp\/v2\/comments?post=24048"}],"wp:attachment":[{"href":"https:\/\/uj.adatbank.ro\/lexikon\/wp-json\/wp\/v2\/media?parent=24048"}],"wp:term":[{"taxonomy":"product_brand","embeddable":true,"href":"https:\/\/uj.adatbank.ro\/lexikon\/wp-json\/wp\/v2\/product_brand?post=24048"},{"taxonomy":"product_cat","embeddable":true,"href":"https:\/\/uj.adatbank.ro\/lexikon\/wp-json\/wp\/v2\/product_cat?post=24048"},{"taxonomy":"product_tag","embeddable":true,"href":"https:\/\/uj.adatbank.ro\/lexikon\/wp-json\/wp\/v2\/product_tag?post=24048"}],"curies":[{"name":"wp","href":"https:\/\/api.w.org\/{rel}","templated":true}]}}