{"id":24049,"date":"2025-08-01T17:52:41","date_gmt":"2025-08-01T15:52:41","guid":{"rendered":"https:\/\/uj.adatbank.ro\/lexikon\/termek\/vamos-sandor-%c2%a7\/"},"modified":"2025-08-01T17:52:41","modified_gmt":"2025-08-01T15:52:41","slug":"vamos-sandor-%c2%a7","status":"publish","type":"product","link":"https:\/\/uj.adatbank.ro\/lexikon\/termek\/vamos-sandor-%c2%a7\/","title":{"rendered":"V\u00c1MOS S\u00e1ndor, \u00a7"},"content":{"rendered":"<p>Hajduszoboszl\u00f3, 1884., \u2020\u00a0?: keresked\u0151, divat\u00fczlet-tulajdonos. \u2013 Iskol\u00e1i elv\u00e9gz\u00e9se ut\u00e1n Nagyv\u00e1radon, Kv.-on, Bp.-en fejlesztette szaktud\u00e1s\u00e1t \u00e9s Mv.-en lett \u00f6n\u00e1ll\u00f3, divat\u00fczlet-tulajdonos (1910\u2013). H\u00e1za Mv.-en (\u00e9p\u00fclt 1910; Trandafirilor \/F\u0151t\u00e9r 17), az \u201eA\u201d kateg\u00f3ri\u00e1ba tartoz\u00f3 m\u0171eml\u00e9k. A helybeli keresked\u0151k egyes\u00fclet\u00e9nek textil szakoszt\u00e1lyi referense, az izraelita hitk\u00f6zs\u00e9g v\u00e1lasztott tagja, a Kadima sportegylet eln\u00f6ke, a K\u00f6z\u00e9rdek Hitelsz\u00f6vetkezet eln\u00f6ke \u00e9s alap\u00edt\u00f3ja volt. Az I. vh.-ban (1914. aug.\u201318. nov.) az orosz harct\u00e9ren volt sz\u00e1mviv\u0151altiszt, mint t\u00f6rzs\u0151rmester szerelt le. Kit\u00fcntet\u00e9sei: K\u00e1roly cs. k. ig. a. A mv.-i Statusquo zsid\u00f3 hitk\u00f6zs\u00e9g el\u00f6lj\u00e1r\u00f3s\u00e1gi tagja. Mv.-r\u0151l deport\u00e1lt\u00e1k (1944. m\u00e1j. 29.). <br \/><strong>\u2013 Irod.:<\/strong> Erd\u00e9lyi ezredek; Ki kicsoda?; M. hadviselt zsid\u00f3k; \u00d6kr\u00f6s; Mv. zsid\u00f3s\u00e1ga; Sz\u00e9kelyf\u00f6ld \u00ed. k.; Valori mure\u015fene de patrimoniu.<\/br><\/p>\n","protected":false},"excerpt":{"rendered":"<p>Hajduszoboszl\u00f3, 1884., \u2020\u00a0?: keresked\u0151, divat\u00fczlet-tulajdonos. \u2013 Iskol\u00e1i elv\u00e9gz\u00e9se ut\u00e1n Nagyv\u00e1radon, Kv.-on, Bp.-en fejlesztette szaktud\u00e1s\u00e1t \u00e9s Mv.-en lett \u00f6n\u00e1ll\u00f3, divat\u00fczlet-tulajdonos (1910\u2013). H\u00e1za Mv.-en (\u00e9p\u00fclt 1910; Trandafirilor \/F\u0151t\u00e9r 17), az \u201eA\u201d kateg\u00f3ri\u00e1ba tartoz\u00f3 m\u0171eml\u00e9k. A helybeli keresked\u0151k egyes\u00fclet\u00e9nek textil szakoszt\u00e1lyi referense, az izraelita hitk\u00f6zs\u00e9g v\u00e1lasztott tagja, a Kadima sportegylet eln\u00f6ke, a K\u00f6z\u00e9rdek Hitelsz\u00f6vetkezet eln\u00f6ke \u00e9s alap\u00edt\u00f3ja volt. [&hellip;]<\/p>\n","protected":false},"featured_media":0,"comment_status":"open","ping_status":"closed","template":"","meta":[],"product_brand":[],"product_cat":[137],"product_tag":[],"class_list":{"0":"post-24049","1":"product","2":"type-product","3":"status-publish","5":"product_cat-maros-megyei-eletrajzi-lexikon","7":"first","8":"instock","9":"shipping-taxable","10":"product-type-simple"},"_links":{"self":[{"href":"https:\/\/uj.adatbank.ro\/lexikon\/wp-json\/wp\/v2\/product\/24049","targetHints":{"allow":["GET"]}}],"collection":[{"href":"https:\/\/uj.adatbank.ro\/lexikon\/wp-json\/wp\/v2\/product"}],"about":[{"href":"https:\/\/uj.adatbank.ro\/lexikon\/wp-json\/wp\/v2\/types\/product"}],"replies":[{"embeddable":true,"href":"https:\/\/uj.adatbank.ro\/lexikon\/wp-json\/wp\/v2\/comments?post=24049"}],"wp:attachment":[{"href":"https:\/\/uj.adatbank.ro\/lexikon\/wp-json\/wp\/v2\/media?parent=24049"}],"wp:term":[{"taxonomy":"product_brand","embeddable":true,"href":"https:\/\/uj.adatbank.ro\/lexikon\/wp-json\/wp\/v2\/product_brand?post=24049"},{"taxonomy":"product_cat","embeddable":true,"href":"https:\/\/uj.adatbank.ro\/lexikon\/wp-json\/wp\/v2\/product_cat?post=24049"},{"taxonomy":"product_tag","embeddable":true,"href":"https:\/\/uj.adatbank.ro\/lexikon\/wp-json\/wp\/v2\/product_tag?post=24049"}],"curies":[{"name":"wp","href":"https:\/\/api.w.org\/{rel}","templated":true}]}}