{"id":24050,"date":"2025-08-01T17:52:44","date_gmt":"2025-08-01T15:52:44","guid":{"rendered":"https:\/\/uj.adatbank.ro\/lexikon\/termek\/vamosgalfalvi-istvan\/"},"modified":"2025-08-01T17:52:44","modified_gmt":"2025-08-01T15:52:44","slug":"vamosgalfalvi-istvan","status":"publish","type":"product","link":"https:\/\/uj.adatbank.ro\/lexikon\/termek\/vamosgalfalvi-istvan\/","title":{"rendered":"V\u00c1MOSG\u00c1LFALVI Istv\u00e1n"},"content":{"rendered":"<p>? \u2020\u00a0?: tan\u00edt\u00f3, ref. lelk\u00e9sz. \u2013 V\u00e1mosg\u00e1lfalv\u00e1n tan\u00edt\u00f3 (1647). Lelk\u00e9sz Cs\u00e1v\u00e1son (1650\u201357). <br \/><strong>\u2013 Irod.:<\/strong> K\u00fck\u00fcll\u0151i Ref. Egyh\u00e1zm. 4.<\/br><\/p>\n","protected":false},"excerpt":{"rendered":"<p>? \u2020\u00a0?: tan\u00edt\u00f3, ref. lelk\u00e9sz. \u2013 V\u00e1mosg\u00e1lfalv\u00e1n tan\u00edt\u00f3 (1647). Lelk\u00e9sz Cs\u00e1v\u00e1son (1650\u201357). \u2013 Irod.: K\u00fck\u00fcll\u0151i Ref. Egyh\u00e1zm. 4.<\/p>\n","protected":false},"featured_media":0,"comment_status":"open","ping_status":"closed","template":"","meta":[],"product_brand":[],"product_cat":[137],"product_tag":[],"class_list":{"0":"post-24050","1":"product","2":"type-product","3":"status-publish","5":"product_cat-maros-megyei-eletrajzi-lexikon","7":"first","8":"instock","9":"shipping-taxable","10":"product-type-simple"},"_links":{"self":[{"href":"https:\/\/uj.adatbank.ro\/lexikon\/wp-json\/wp\/v2\/product\/24050","targetHints":{"allow":["GET"]}}],"collection":[{"href":"https:\/\/uj.adatbank.ro\/lexikon\/wp-json\/wp\/v2\/product"}],"about":[{"href":"https:\/\/uj.adatbank.ro\/lexikon\/wp-json\/wp\/v2\/types\/product"}],"replies":[{"embeddable":true,"href":"https:\/\/uj.adatbank.ro\/lexikon\/wp-json\/wp\/v2\/comments?post=24050"}],"wp:attachment":[{"href":"https:\/\/uj.adatbank.ro\/lexikon\/wp-json\/wp\/v2\/media?parent=24050"}],"wp:term":[{"taxonomy":"product_brand","embeddable":true,"href":"https:\/\/uj.adatbank.ro\/lexikon\/wp-json\/wp\/v2\/product_brand?post=24050"},{"taxonomy":"product_cat","embeddable":true,"href":"https:\/\/uj.adatbank.ro\/lexikon\/wp-json\/wp\/v2\/product_cat?post=24050"},{"taxonomy":"product_tag","embeddable":true,"href":"https:\/\/uj.adatbank.ro\/lexikon\/wp-json\/wp\/v2\/product_tag?post=24050"}],"curies":[{"name":"wp","href":"https:\/\/api.w.org\/{rel}","templated":true}]}}