{"id":24053,"date":"2025-08-01T17:52:50","date_gmt":"2025-08-01T15:52:50","guid":{"rendered":"https:\/\/uj.adatbank.ro\/lexikon\/termek\/vancea-iosif-vancea-ioan\/"},"modified":"2025-08-01T17:52:50","modified_gmt":"2025-08-01T15:52:50","slug":"vancea-iosif-vancea-ioan","status":"publish","type":"product","link":"https:\/\/uj.adatbank.ro\/lexikon\/termek\/vancea-iosif-vancea-ioan\/","title":{"rendered":"VANCEA, Iosif, Vancea Ioan"},"content":{"rendered":"<p>? \u2020\u00a0?: g. kat. esperes. \u2013 Mv.-en g. kat. esperes, a K\u0151templomban szolg\u00e1lt (1899\u20131909). <br \/><strong>\u2013 Irod.:<\/strong> Id\u0151t\u00e1r 2; \u015eincan 2006.<\/br><\/p>\n","protected":false},"excerpt":{"rendered":"<p>? \u2020\u00a0?: g. kat. esperes. \u2013 Mv.-en g. kat. esperes, a K\u0151templomban szolg\u00e1lt (1899\u20131909). \u2013 Irod.: Id\u0151t\u00e1r 2; \u015eincan 2006.<\/p>\n","protected":false},"featured_media":0,"comment_status":"open","ping_status":"closed","template":"","meta":[],"product_brand":[],"product_cat":[137],"product_tag":[],"class_list":{"0":"post-24053","1":"product","2":"type-product","3":"status-publish","5":"product_cat-maros-megyei-eletrajzi-lexikon","7":"first","8":"instock","9":"shipping-taxable","10":"product-type-simple"},"_links":{"self":[{"href":"https:\/\/uj.adatbank.ro\/lexikon\/wp-json\/wp\/v2\/product\/24053","targetHints":{"allow":["GET"]}}],"collection":[{"href":"https:\/\/uj.adatbank.ro\/lexikon\/wp-json\/wp\/v2\/product"}],"about":[{"href":"https:\/\/uj.adatbank.ro\/lexikon\/wp-json\/wp\/v2\/types\/product"}],"replies":[{"embeddable":true,"href":"https:\/\/uj.adatbank.ro\/lexikon\/wp-json\/wp\/v2\/comments?post=24053"}],"wp:attachment":[{"href":"https:\/\/uj.adatbank.ro\/lexikon\/wp-json\/wp\/v2\/media?parent=24053"}],"wp:term":[{"taxonomy":"product_brand","embeddable":true,"href":"https:\/\/uj.adatbank.ro\/lexikon\/wp-json\/wp\/v2\/product_brand?post=24053"},{"taxonomy":"product_cat","embeddable":true,"href":"https:\/\/uj.adatbank.ro\/lexikon\/wp-json\/wp\/v2\/product_cat?post=24053"},{"taxonomy":"product_tag","embeddable":true,"href":"https:\/\/uj.adatbank.ro\/lexikon\/wp-json\/wp\/v2\/product_tag?post=24053"}],"curies":[{"name":"wp","href":"https:\/\/api.w.org\/{rel}","templated":true}]}}