{"id":24056,"date":"2025-08-01T17:52:57","date_gmt":"2025-08-01T15:52:57","guid":{"rendered":"https:\/\/uj.adatbank.ro\/lexikon\/termek\/vancea-victor\/"},"modified":"2025-08-01T17:52:57","modified_gmt":"2025-08-01T15:52:57","slug":"vancea-victor","status":"publish","type":"product","link":"https:\/\/uj.adatbank.ro\/lexikon\/termek\/vancea-victor\/","title":{"rendered":"VANCEA Victor"},"content":{"rendered":"<p>? \u2020\u00a0?: \u00fcgyv\u00e9djel\u00f6lt. \u2013 Tettlegess\u00e9gig men\u0151 konfliktusa volt Eugen Vancuval az Albina Bank igazgat\u00f3j\u00e1val, aki megtagadta hitelk\u00e9relm\u00e9t, azzal v\u00e1dolva, hogy t\u00fals\u00e1gosan is j\u00f3 kapcsolatokat tart fenn magyar k\u00f6r\u00f6kkel (1910). A perben els\u0151fokon 150 korona b\u00fcntet\u00e9st szabtak ki r\u00e1. <br \/><strong>\u2013 Irod.:<\/strong> Id\u0151t\u00e1r 2.<\/br><\/p>\n","protected":false},"excerpt":{"rendered":"<p>? \u2020\u00a0?: \u00fcgyv\u00e9djel\u00f6lt. \u2013 Tettlegess\u00e9gig men\u0151 konfliktusa volt Eugen Vancuval az Albina Bank igazgat\u00f3j\u00e1val, aki megtagadta hitelk\u00e9relm\u00e9t, azzal v\u00e1dolva, hogy t\u00fals\u00e1gosan is j\u00f3 kapcsolatokat tart fenn magyar k\u00f6r\u00f6kkel (1910). A perben els\u0151fokon 150 korona b\u00fcntet\u00e9st szabtak ki r\u00e1. \u2013 Irod.: Id\u0151t\u00e1r 2.<\/p>\n","protected":false},"featured_media":0,"comment_status":"open","ping_status":"closed","template":"","meta":[],"product_brand":[],"product_cat":[137],"product_tag":[],"class_list":{"0":"post-24056","1":"product","2":"type-product","3":"status-publish","5":"product_cat-maros-megyei-eletrajzi-lexikon","7":"first","8":"instock","9":"shipping-taxable","10":"product-type-simple"},"_links":{"self":[{"href":"https:\/\/uj.adatbank.ro\/lexikon\/wp-json\/wp\/v2\/product\/24056","targetHints":{"allow":["GET"]}}],"collection":[{"href":"https:\/\/uj.adatbank.ro\/lexikon\/wp-json\/wp\/v2\/product"}],"about":[{"href":"https:\/\/uj.adatbank.ro\/lexikon\/wp-json\/wp\/v2\/types\/product"}],"replies":[{"embeddable":true,"href":"https:\/\/uj.adatbank.ro\/lexikon\/wp-json\/wp\/v2\/comments?post=24056"}],"wp:attachment":[{"href":"https:\/\/uj.adatbank.ro\/lexikon\/wp-json\/wp\/v2\/media?parent=24056"}],"wp:term":[{"taxonomy":"product_brand","embeddable":true,"href":"https:\/\/uj.adatbank.ro\/lexikon\/wp-json\/wp\/v2\/product_brand?post=24056"},{"taxonomy":"product_cat","embeddable":true,"href":"https:\/\/uj.adatbank.ro\/lexikon\/wp-json\/wp\/v2\/product_cat?post=24056"},{"taxonomy":"product_tag","embeddable":true,"href":"https:\/\/uj.adatbank.ro\/lexikon\/wp-json\/wp\/v2\/product_tag?post=24056"}],"curies":[{"name":"wp","href":"https:\/\/api.w.org\/{rel}","templated":true}]}}