{"id":24059,"date":"2025-08-01T17:53:04","date_gmt":"2025-08-01T15:53:04","guid":{"rendered":"https:\/\/uj.adatbank.ro\/lexikon\/termek\/vancsakovszky-karoly\/"},"modified":"2025-08-01T17:53:04","modified_gmt":"2025-08-01T15:53:04","slug":"vancsakovszky-karoly","status":"publish","type":"product","link":"https:\/\/uj.adatbank.ro\/lexikon\/termek\/vancsakovszky-karoly\/","title":{"rendered":"VANCSAKOVSZKY K\u00e1roly"},"content":{"rendered":"<p>1896.\u2020 Mv., 1959.: orvos. \u2013 Mv.-en orvos (1924-ben \u00e9s k\u00f6r\u00fcl). K\u00f6rzeti orvos Olasztelken \u00e9s Homor\u00f3dszentm\u00e1rtonban. A Sz\u00e9kelyudvarhelyi K\u00f3rh\u00e1z els\u0151 laborat\u00f3rium\u00e1t ind\u00edtotta, fejlesztette \u00e9s vezette. Visszak\u00f6lt\u00f6z\u00f6tt Mv.-re. <br \/><strong>\u2013 Irod.:<\/strong> Kiss\u2013P\u00e9terffy\u2013P\u00e9terffy.<\/br><\/p>\n","protected":false},"excerpt":{"rendered":"<p>1896.\u2020 Mv., 1959.: orvos. \u2013 Mv.-en orvos (1924-ben \u00e9s k\u00f6r\u00fcl). K\u00f6rzeti orvos Olasztelken \u00e9s Homor\u00f3dszentm\u00e1rtonban. A Sz\u00e9kelyudvarhelyi K\u00f3rh\u00e1z els\u0151 laborat\u00f3rium\u00e1t ind\u00edtotta, fejlesztette \u00e9s vezette. Visszak\u00f6lt\u00f6z\u00f6tt Mv.-re. \u2013 Irod.: Kiss\u2013P\u00e9terffy\u2013P\u00e9terffy.<\/p>\n","protected":false},"featured_media":0,"comment_status":"open","ping_status":"closed","template":"","meta":[],"product_brand":[],"product_cat":[137],"product_tag":[],"class_list":{"0":"post-24059","1":"product","2":"type-product","3":"status-publish","5":"product_cat-maros-megyei-eletrajzi-lexikon","7":"first","8":"instock","9":"shipping-taxable","10":"product-type-simple"},"_links":{"self":[{"href":"https:\/\/uj.adatbank.ro\/lexikon\/wp-json\/wp\/v2\/product\/24059","targetHints":{"allow":["GET"]}}],"collection":[{"href":"https:\/\/uj.adatbank.ro\/lexikon\/wp-json\/wp\/v2\/product"}],"about":[{"href":"https:\/\/uj.adatbank.ro\/lexikon\/wp-json\/wp\/v2\/types\/product"}],"replies":[{"embeddable":true,"href":"https:\/\/uj.adatbank.ro\/lexikon\/wp-json\/wp\/v2\/comments?post=24059"}],"wp:attachment":[{"href":"https:\/\/uj.adatbank.ro\/lexikon\/wp-json\/wp\/v2\/media?parent=24059"}],"wp:term":[{"taxonomy":"product_brand","embeddable":true,"href":"https:\/\/uj.adatbank.ro\/lexikon\/wp-json\/wp\/v2\/product_brand?post=24059"},{"taxonomy":"product_cat","embeddable":true,"href":"https:\/\/uj.adatbank.ro\/lexikon\/wp-json\/wp\/v2\/product_cat?post=24059"},{"taxonomy":"product_tag","embeddable":true,"href":"https:\/\/uj.adatbank.ro\/lexikon\/wp-json\/wp\/v2\/product_tag?post=24059"}],"curies":[{"name":"wp","href":"https:\/\/api.w.org\/{rel}","templated":true}]}}