{"id":24066,"date":"2025-08-01T17:53:18","date_gmt":"2025-08-01T15:53:18","guid":{"rendered":"https:\/\/uj.adatbank.ro\/lexikon\/termek\/vantsa-laszlo\/"},"modified":"2025-08-01T17:53:18","modified_gmt":"2025-08-01T15:53:18","slug":"vantsa-laszlo","status":"publish","type":"product","link":"https:\/\/uj.adatbank.ro\/lexikon\/termek\/vantsa-laszlo\/","title":{"rendered":"V\u00c1NTSA L\u00e1szl\u00f3"},"content":{"rendered":"<p>K\u00e9zdiv\u00e1s\u00e1rhely, 1923. nov. 27., \u2020\u00a0?: jog\u00e1sz, RMDSZ tiszts\u00e9gvisel\u0151. \u2013 Tanult a kv.-i BTE-n (1947). Dolgozott K\u00e9zdiv\u00e1s\u00e1rhelyen (1947\u201360), Mv.-en \u00fcgy\u00e9sz (1961\u201373), nyugd\u00edjaz\u00e1sa ut\u00e1n a mv.-i Mez\u0151gazdas\u00e1gi Bank jogtan\u00e1csosa (1973\u201383). <br \/><strong>\u2013 Irod.:<\/strong> RMKK.<\/br><\/p>\n","protected":false},"excerpt":{"rendered":"<p>K\u00e9zdiv\u00e1s\u00e1rhely, 1923. nov. 27., \u2020\u00a0?: jog\u00e1sz, RMDSZ tiszts\u00e9gvisel\u0151. \u2013 Tanult a kv.-i BTE-n (1947). Dolgozott K\u00e9zdiv\u00e1s\u00e1rhelyen (1947\u201360), Mv.-en \u00fcgy\u00e9sz (1961\u201373), nyugd\u00edjaz\u00e1sa ut\u00e1n a mv.-i Mez\u0151gazdas\u00e1gi Bank jogtan\u00e1csosa (1973\u201383). \u2013 Irod.: RMKK.<\/p>\n","protected":false},"featured_media":0,"comment_status":"open","ping_status":"closed","template":"","meta":[],"product_brand":[],"product_cat":[137],"product_tag":[],"class_list":{"0":"post-24066","1":"product","2":"type-product","3":"status-publish","5":"product_cat-maros-megyei-eletrajzi-lexikon","7":"first","8":"instock","9":"shipping-taxable","10":"product-type-simple"},"_links":{"self":[{"href":"https:\/\/uj.adatbank.ro\/lexikon\/wp-json\/wp\/v2\/product\/24066","targetHints":{"allow":["GET"]}}],"collection":[{"href":"https:\/\/uj.adatbank.ro\/lexikon\/wp-json\/wp\/v2\/product"}],"about":[{"href":"https:\/\/uj.adatbank.ro\/lexikon\/wp-json\/wp\/v2\/types\/product"}],"replies":[{"embeddable":true,"href":"https:\/\/uj.adatbank.ro\/lexikon\/wp-json\/wp\/v2\/comments?post=24066"}],"wp:attachment":[{"href":"https:\/\/uj.adatbank.ro\/lexikon\/wp-json\/wp\/v2\/media?parent=24066"}],"wp:term":[{"taxonomy":"product_brand","embeddable":true,"href":"https:\/\/uj.adatbank.ro\/lexikon\/wp-json\/wp\/v2\/product_brand?post=24066"},{"taxonomy":"product_cat","embeddable":true,"href":"https:\/\/uj.adatbank.ro\/lexikon\/wp-json\/wp\/v2\/product_cat?post=24066"},{"taxonomy":"product_tag","embeddable":true,"href":"https:\/\/uj.adatbank.ro\/lexikon\/wp-json\/wp\/v2\/product_tag?post=24066"}],"curies":[{"name":"wp","href":"https:\/\/api.w.org\/{rel}","templated":true}]}}