{"id":24071,"date":"2025-08-01T17:53:30","date_gmt":"2025-08-01T15:53:30","guid":{"rendered":"https:\/\/uj.adatbank.ro\/lexikon\/termek\/varadi-albert-varady-albert\/"},"modified":"2025-08-01T17:53:30","modified_gmt":"2025-08-01T15:53:30","slug":"varadi-albert-varady-albert","status":"publish","type":"product","link":"https:\/\/uj.adatbank.ro\/lexikon\/termek\/varadi-albert-varady-albert\/","title":{"rendered":"V\u00c1RADI Albert, V\u00e1rady Albert"},"content":{"rendered":"<p>1914., \u20201989: ref. lelk\u00e9sz. \u2013 Feles\u00e9ge K\u00f6v\u00e9r Lenke (1925\u20132013). \u2013 S\u00f6v\u00e9nyfalv\u00e1n, Mez\u0151k\u00f6lp\u00e9nyben \u00e9s Szab\u00e9don volt lelk\u00e9sz. <br \/><strong>\u2013 Irod.:<\/strong> Cs\u00e1ky; Mez\u0151panit.<\/br><\/p>\n","protected":false},"excerpt":{"rendered":"<p>1914., \u20201989: ref. lelk\u00e9sz. \u2013 Feles\u00e9ge K\u00f6v\u00e9r Lenke (1925\u20132013). \u2013 S\u00f6v\u00e9nyfalv\u00e1n, Mez\u0151k\u00f6lp\u00e9nyben \u00e9s Szab\u00e9don volt lelk\u00e9sz. \u2013 Irod.: Cs\u00e1ky; Mez\u0151panit.<\/p>\n","protected":false},"featured_media":0,"comment_status":"open","ping_status":"closed","template":"","meta":[],"product_brand":[],"product_cat":[137],"product_tag":[],"class_list":{"0":"post-24071","1":"product","2":"type-product","3":"status-publish","5":"product_cat-maros-megyei-eletrajzi-lexikon","7":"first","8":"instock","9":"shipping-taxable","10":"product-type-simple"},"_links":{"self":[{"href":"https:\/\/uj.adatbank.ro\/lexikon\/wp-json\/wp\/v2\/product\/24071","targetHints":{"allow":["GET"]}}],"collection":[{"href":"https:\/\/uj.adatbank.ro\/lexikon\/wp-json\/wp\/v2\/product"}],"about":[{"href":"https:\/\/uj.adatbank.ro\/lexikon\/wp-json\/wp\/v2\/types\/product"}],"replies":[{"embeddable":true,"href":"https:\/\/uj.adatbank.ro\/lexikon\/wp-json\/wp\/v2\/comments?post=24071"}],"wp:attachment":[{"href":"https:\/\/uj.adatbank.ro\/lexikon\/wp-json\/wp\/v2\/media?parent=24071"}],"wp:term":[{"taxonomy":"product_brand","embeddable":true,"href":"https:\/\/uj.adatbank.ro\/lexikon\/wp-json\/wp\/v2\/product_brand?post=24071"},{"taxonomy":"product_cat","embeddable":true,"href":"https:\/\/uj.adatbank.ro\/lexikon\/wp-json\/wp\/v2\/product_cat?post=24071"},{"taxonomy":"product_tag","embeddable":true,"href":"https:\/\/uj.adatbank.ro\/lexikon\/wp-json\/wp\/v2\/product_tag?post=24071"}],"curies":[{"name":"wp","href":"https:\/\/api.w.org\/{rel}","templated":true}]}}