{"id":24072,"date":"2025-08-01T17:53:32","date_gmt":"2025-08-01T15:53:32","guid":{"rendered":"https:\/\/uj.adatbank.ro\/lexikon\/termek\/varadi-antal\/"},"modified":"2025-08-01T17:53:32","modified_gmt":"2025-08-01T15:53:32","slug":"varadi-antal","status":"publish","type":"product","link":"https:\/\/uj.adatbank.ro\/lexikon\/termek\/varadi-antal\/","title":{"rendered":"V\u00c1RADI Antal"},"content":{"rendered":"<p>? \u2020\u00a0?: \u00e9p\u00edtkez\u00e9si v\u00e1llalkoz\u00f3. \u2013 V\u00e1llakoz\u00e1sa a v\u00e1ros legnagyobb v\u00e1llalatainak egyike (1914). <br \/><strong>\u2013 Irod.:<\/strong> Id\u0151t\u00e1r 2.<\/br><\/p>\n","protected":false},"excerpt":{"rendered":"<p>? \u2020\u00a0?: \u00e9p\u00edtkez\u00e9si v\u00e1llalkoz\u00f3. \u2013 V\u00e1llakoz\u00e1sa a v\u00e1ros legnagyobb v\u00e1llalatainak egyike (1914). \u2013 Irod.: Id\u0151t\u00e1r 2.<\/p>\n","protected":false},"featured_media":0,"comment_status":"open","ping_status":"closed","template":"","meta":[],"product_brand":[],"product_cat":[137],"product_tag":[],"class_list":{"0":"post-24072","1":"product","2":"type-product","3":"status-publish","5":"product_cat-maros-megyei-eletrajzi-lexikon","7":"first","8":"instock","9":"shipping-taxable","10":"product-type-simple"},"_links":{"self":[{"href":"https:\/\/uj.adatbank.ro\/lexikon\/wp-json\/wp\/v2\/product\/24072","targetHints":{"allow":["GET"]}}],"collection":[{"href":"https:\/\/uj.adatbank.ro\/lexikon\/wp-json\/wp\/v2\/product"}],"about":[{"href":"https:\/\/uj.adatbank.ro\/lexikon\/wp-json\/wp\/v2\/types\/product"}],"replies":[{"embeddable":true,"href":"https:\/\/uj.adatbank.ro\/lexikon\/wp-json\/wp\/v2\/comments?post=24072"}],"wp:attachment":[{"href":"https:\/\/uj.adatbank.ro\/lexikon\/wp-json\/wp\/v2\/media?parent=24072"}],"wp:term":[{"taxonomy":"product_brand","embeddable":true,"href":"https:\/\/uj.adatbank.ro\/lexikon\/wp-json\/wp\/v2\/product_brand?post=24072"},{"taxonomy":"product_cat","embeddable":true,"href":"https:\/\/uj.adatbank.ro\/lexikon\/wp-json\/wp\/v2\/product_cat?post=24072"},{"taxonomy":"product_tag","embeddable":true,"href":"https:\/\/uj.adatbank.ro\/lexikon\/wp-json\/wp\/v2\/product_tag?post=24072"}],"curies":[{"name":"wp","href":"https:\/\/api.w.org\/{rel}","templated":true}]}}