{"id":24076,"date":"2025-08-01T17:53:40","date_gmt":"2025-08-01T15:53:40","guid":{"rendered":"https:\/\/uj.adatbank.ro\/lexikon\/termek\/varadi-csukat-karolina-elteto-jozsefne-mumu\/"},"modified":"2025-08-01T17:53:40","modified_gmt":"2025-08-01T15:53:40","slug":"varadi-csukat-karolina-elteto-jozsefne-mumu","status":"publish","type":"product","link":"https:\/\/uj.adatbank.ro\/lexikon\/termek\/varadi-csukat-karolina-elteto-jozsefne-mumu\/","title":{"rendered":"V\u00c1RADI CSUK\u00c1T Karolina, \u00c9ltet\u0151 J\u00f3zsefn\u00e9, Mumu"},"content":{"rendered":"<p>? 1804, \u2020 1896: folytatta a csal\u00e1di v\u00e1llalkoz\u00e1st, a tutajkereskedelmet Magyarr\u00e9genben. <br \/><strong>\u2013 Irod.:<\/strong> B\u00edr\u00f3 Don\u00e1t.<\/br><\/p>\n","protected":false},"excerpt":{"rendered":"<p>? 1804, \u2020 1896: folytatta a csal\u00e1di v\u00e1llalkoz\u00e1st, a tutajkereskedelmet Magyarr\u00e9genben. \u2013 Irod.: B\u00edr\u00f3 Don\u00e1t.<\/p>\n","protected":false},"featured_media":0,"comment_status":"open","ping_status":"closed","template":"","meta":[],"product_brand":[],"product_cat":[137],"product_tag":[],"class_list":{"0":"post-24076","1":"product","2":"type-product","3":"status-publish","5":"product_cat-maros-megyei-eletrajzi-lexikon","7":"first","8":"instock","9":"shipping-taxable","10":"product-type-simple"},"_links":{"self":[{"href":"https:\/\/uj.adatbank.ro\/lexikon\/wp-json\/wp\/v2\/product\/24076","targetHints":{"allow":["GET"]}}],"collection":[{"href":"https:\/\/uj.adatbank.ro\/lexikon\/wp-json\/wp\/v2\/product"}],"about":[{"href":"https:\/\/uj.adatbank.ro\/lexikon\/wp-json\/wp\/v2\/types\/product"}],"replies":[{"embeddable":true,"href":"https:\/\/uj.adatbank.ro\/lexikon\/wp-json\/wp\/v2\/comments?post=24076"}],"wp:attachment":[{"href":"https:\/\/uj.adatbank.ro\/lexikon\/wp-json\/wp\/v2\/media?parent=24076"}],"wp:term":[{"taxonomy":"product_brand","embeddable":true,"href":"https:\/\/uj.adatbank.ro\/lexikon\/wp-json\/wp\/v2\/product_brand?post=24076"},{"taxonomy":"product_cat","embeddable":true,"href":"https:\/\/uj.adatbank.ro\/lexikon\/wp-json\/wp\/v2\/product_cat?post=24076"},{"taxonomy":"product_tag","embeddable":true,"href":"https:\/\/uj.adatbank.ro\/lexikon\/wp-json\/wp\/v2\/product_tag?post=24076"}],"curies":[{"name":"wp","href":"https:\/\/api.w.org\/{rel}","templated":true}]}}