{"id":24077,"date":"2025-08-01T17:53:42","date_gmt":"2025-08-01T15:53:42","guid":{"rendered":"https:\/\/uj.adatbank.ro\/lexikon\/termek\/varadi-david\/"},"modified":"2025-08-01T17:53:42","modified_gmt":"2025-08-01T15:53:42","slug":"varadi-david","status":"publish","type":"product","link":"https:\/\/uj.adatbank.ro\/lexikon\/termek\/varadi-david\/","title":{"rendered":"V\u00c1RADI D\u00e1vid"},"content":{"rendered":"<p>? \u2020\u00a0?: ref. lelk\u00e9sz. \u2013 Mez\u0151bodonban (1683), Harangl\u00e1bon (1689), Maroscsap\u00f3n (1692\u201394), Sz\u0151kefalv\u00e1n (1696), Nagykenden (1697) \u00e9s K\u00f3r\u00f3dszentm\u00e1rtonban (1697\u20131703), Sz\u00e9kelykakasdon (1710\u201313) \u00e9s L\u0151rincfalv\u00e1n (1716\u201319) m\u0171k\u00f6d\u00f6tt. <br \/><strong>\u2013 Irod.:<\/strong> K\u00fck\u00fcll\u0151i Ref. Egyh\u00e1zm. 2., 4.; Nagy L\u00e1szl\u00f3.<\/br><\/p>\n","protected":false},"excerpt":{"rendered":"<p>? \u2020\u00a0?: ref. lelk\u00e9sz. \u2013 Mez\u0151bodonban (1683), Harangl\u00e1bon (1689), Maroscsap\u00f3n (1692\u201394), Sz\u0151kefalv\u00e1n (1696), Nagykenden (1697) \u00e9s K\u00f3r\u00f3dszentm\u00e1rtonban (1697\u20131703), Sz\u00e9kelykakasdon (1710\u201313) \u00e9s L\u0151rincfalv\u00e1n (1716\u201319) m\u0171k\u00f6d\u00f6tt. \u2013 Irod.: K\u00fck\u00fcll\u0151i Ref. Egyh\u00e1zm. 2., 4.; Nagy L\u00e1szl\u00f3.<\/p>\n","protected":false},"featured_media":0,"comment_status":"open","ping_status":"closed","template":"","meta":[],"product_brand":[],"product_cat":[137],"product_tag":[],"class_list":{"0":"post-24077","1":"product","2":"type-product","3":"status-publish","5":"product_cat-maros-megyei-eletrajzi-lexikon","7":"first","8":"instock","9":"shipping-taxable","10":"product-type-simple"},"_links":{"self":[{"href":"https:\/\/uj.adatbank.ro\/lexikon\/wp-json\/wp\/v2\/product\/24077","targetHints":{"allow":["GET"]}}],"collection":[{"href":"https:\/\/uj.adatbank.ro\/lexikon\/wp-json\/wp\/v2\/product"}],"about":[{"href":"https:\/\/uj.adatbank.ro\/lexikon\/wp-json\/wp\/v2\/types\/product"}],"replies":[{"embeddable":true,"href":"https:\/\/uj.adatbank.ro\/lexikon\/wp-json\/wp\/v2\/comments?post=24077"}],"wp:attachment":[{"href":"https:\/\/uj.adatbank.ro\/lexikon\/wp-json\/wp\/v2\/media?parent=24077"}],"wp:term":[{"taxonomy":"product_brand","embeddable":true,"href":"https:\/\/uj.adatbank.ro\/lexikon\/wp-json\/wp\/v2\/product_brand?post=24077"},{"taxonomy":"product_cat","embeddable":true,"href":"https:\/\/uj.adatbank.ro\/lexikon\/wp-json\/wp\/v2\/product_cat?post=24077"},{"taxonomy":"product_tag","embeddable":true,"href":"https:\/\/uj.adatbank.ro\/lexikon\/wp-json\/wp\/v2\/product_tag?post=24077"}],"curies":[{"name":"wp","href":"https:\/\/api.w.org\/{rel}","templated":true}]}}