{"id":24085,"date":"2025-08-01T17:54:10","date_gmt":"2025-08-01T15:54:10","guid":{"rendered":"https:\/\/uj.adatbank.ro\/lexikon\/termek\/varadi-janos-2\/"},"modified":"2025-08-01T17:54:10","modified_gmt":"2025-08-01T15:54:10","slug":"varadi-janos-2","status":"publish","type":"product","link":"https:\/\/uj.adatbank.ro\/lexikon\/termek\/varadi-janos-2\/","title":{"rendered":"V\u00c1RADI J\u00e1nos"},"content":{"rendered":"<p>?, \u2020 ?: harang\u00f6nt\u0151. \u2013 A Kib\u00e9d harangj\u00e1t \u00f6nt\u00f6tte (1710 ut\u00e1n). <br \/><strong>\u2013 Irod.:<\/strong> D\u00e1vid L\u00e1szl\u00f3: Harangok, harang\u00f6nt\u0151k (Sz\u00e9kelyf\u00f6ld, 1998. \u00e1pr., 4. sz.).<\/br><\/p>\n","protected":false},"excerpt":{"rendered":"<p>?, \u2020 ?: harang\u00f6nt\u0151. \u2013 A Kib\u00e9d harangj\u00e1t \u00f6nt\u00f6tte (1710 ut\u00e1n). \u2013 Irod.: D\u00e1vid L\u00e1szl\u00f3: Harangok, harang\u00f6nt\u0151k (Sz\u00e9kelyf\u00f6ld, 1998. \u00e1pr., 4. sz.).<\/p>\n","protected":false},"featured_media":0,"comment_status":"open","ping_status":"closed","template":"","meta":[],"product_brand":[],"product_cat":[137],"product_tag":[],"class_list":{"0":"post-24085","1":"product","2":"type-product","3":"status-publish","5":"product_cat-maros-megyei-eletrajzi-lexikon","7":"first","8":"instock","9":"shipping-taxable","10":"product-type-simple"},"_links":{"self":[{"href":"https:\/\/uj.adatbank.ro\/lexikon\/wp-json\/wp\/v2\/product\/24085","targetHints":{"allow":["GET"]}}],"collection":[{"href":"https:\/\/uj.adatbank.ro\/lexikon\/wp-json\/wp\/v2\/product"}],"about":[{"href":"https:\/\/uj.adatbank.ro\/lexikon\/wp-json\/wp\/v2\/types\/product"}],"replies":[{"embeddable":true,"href":"https:\/\/uj.adatbank.ro\/lexikon\/wp-json\/wp\/v2\/comments?post=24085"}],"wp:attachment":[{"href":"https:\/\/uj.adatbank.ro\/lexikon\/wp-json\/wp\/v2\/media?parent=24085"}],"wp:term":[{"taxonomy":"product_brand","embeddable":true,"href":"https:\/\/uj.adatbank.ro\/lexikon\/wp-json\/wp\/v2\/product_brand?post=24085"},{"taxonomy":"product_cat","embeddable":true,"href":"https:\/\/uj.adatbank.ro\/lexikon\/wp-json\/wp\/v2\/product_cat?post=24085"},{"taxonomy":"product_tag","embeddable":true,"href":"https:\/\/uj.adatbank.ro\/lexikon\/wp-json\/wp\/v2\/product_tag?post=24085"}],"curies":[{"name":"wp","href":"https:\/\/api.w.org\/{rel}","templated":true}]}}