{"id":24087,"date":"2025-08-01T17:54:14","date_gmt":"2025-08-01T15:54:14","guid":{"rendered":"https:\/\/uj.adatbank.ro\/lexikon\/termek\/varadi-janos-4\/"},"modified":"2025-08-01T17:54:14","modified_gmt":"2025-08-01T15:54:14","slug":"varadi-janos-4","status":"publish","type":"product","link":"https:\/\/uj.adatbank.ro\/lexikon\/termek\/varadi-janos-4\/","title":{"rendered":"V\u00c1RADI J\u00e1nos"},"content":{"rendered":"<p>?, \u2020 ?: tan\u00edt\u00f3. \u2013 Mv.-en subscib\u00e1lt (1773). Magyarr\u00e9genben (1779\u201386), Magyarf\u00fclp\u00f6s\u00f6n (1788\u201396), Erd\u0151szengyelben (1797 \u2013 l\u00e9vita), Mez\u0151k\u00f6lp\u00e9nyben volt mester (1796\u20131801). <br \/><strong>\u2013 Irod.:<\/strong> Imreh B.; \u0150sz.<\/br><\/p>\n","protected":false},"excerpt":{"rendered":"<p>?, \u2020 ?: tan\u00edt\u00f3. \u2013 Mv.-en subscib\u00e1lt (1773). Magyarr\u00e9genben (1779\u201386), Magyarf\u00fclp\u00f6s\u00f6n (1788\u201396), Erd\u0151szengyelben (1797 \u2013 l\u00e9vita), Mez\u0151k\u00f6lp\u00e9nyben volt mester (1796\u20131801). \u2013 Irod.: Imreh B.; \u0150sz.<\/p>\n","protected":false},"featured_media":0,"comment_status":"open","ping_status":"closed","template":"","meta":[],"product_brand":[],"product_cat":[137],"product_tag":[],"class_list":{"0":"post-24087","1":"product","2":"type-product","3":"status-publish","5":"product_cat-maros-megyei-eletrajzi-lexikon","7":"first","8":"instock","9":"shipping-taxable","10":"product-type-simple"},"_links":{"self":[{"href":"https:\/\/uj.adatbank.ro\/lexikon\/wp-json\/wp\/v2\/product\/24087","targetHints":{"allow":["GET"]}}],"collection":[{"href":"https:\/\/uj.adatbank.ro\/lexikon\/wp-json\/wp\/v2\/product"}],"about":[{"href":"https:\/\/uj.adatbank.ro\/lexikon\/wp-json\/wp\/v2\/types\/product"}],"replies":[{"embeddable":true,"href":"https:\/\/uj.adatbank.ro\/lexikon\/wp-json\/wp\/v2\/comments?post=24087"}],"wp:attachment":[{"href":"https:\/\/uj.adatbank.ro\/lexikon\/wp-json\/wp\/v2\/media?parent=24087"}],"wp:term":[{"taxonomy":"product_brand","embeddable":true,"href":"https:\/\/uj.adatbank.ro\/lexikon\/wp-json\/wp\/v2\/product_brand?post=24087"},{"taxonomy":"product_cat","embeddable":true,"href":"https:\/\/uj.adatbank.ro\/lexikon\/wp-json\/wp\/v2\/product_cat?post=24087"},{"taxonomy":"product_tag","embeddable":true,"href":"https:\/\/uj.adatbank.ro\/lexikon\/wp-json\/wp\/v2\/product_tag?post=24087"}],"curies":[{"name":"wp","href":"https:\/\/api.w.org\/{rel}","templated":true}]}}