{"id":24090,"date":"2025-08-01T17:54:19","date_gmt":"2025-08-01T15:54:19","guid":{"rendered":"https:\/\/uj.adatbank.ro\/lexikon\/termek\/varadi-jozsef-2\/"},"modified":"2025-08-01T17:54:19","modified_gmt":"2025-08-01T15:54:19","slug":"varadi-jozsef-2","status":"publish","type":"product","link":"https:\/\/uj.adatbank.ro\/lexikon\/termek\/varadi-jozsef-2\/","title":{"rendered":"V\u00c1RADI J\u00f3zsef"},"content":{"rendered":"<p>? \u2020\u00a0?: tan\u00edt\u00f3. \u2013 Ny\u00e1r\u00e1dszered\u00e1n tan\u00edtott (1789\u201396), Kend\u0151n l\u00e9vita (1810), Mez\u0151fel\u00e9ben (1829\u20131832), Mez\u0151m\u00e9hesen (1833\u20131835). <br \/><strong>\u2013 Irod.:<\/strong> Imreh B.; Ny\u00e1r\u00e1dszereda: Kiskalauz.<\/br><\/p>\n","protected":false},"excerpt":{"rendered":"<p>? \u2020\u00a0?: tan\u00edt\u00f3. \u2013 Ny\u00e1r\u00e1dszered\u00e1n tan\u00edtott (1789\u201396), Kend\u0151n l\u00e9vita (1810), Mez\u0151fel\u00e9ben (1829\u20131832), Mez\u0151m\u00e9hesen (1833\u20131835). \u2013 Irod.: Imreh B.; Ny\u00e1r\u00e1dszereda: Kiskalauz.<\/p>\n","protected":false},"featured_media":0,"comment_status":"open","ping_status":"closed","template":"","meta":[],"product_brand":[],"product_cat":[137],"product_tag":[],"class_list":{"0":"post-24090","1":"product","2":"type-product","3":"status-publish","5":"product_cat-maros-megyei-eletrajzi-lexikon","7":"first","8":"instock","9":"shipping-taxable","10":"product-type-simple"},"_links":{"self":[{"href":"https:\/\/uj.adatbank.ro\/lexikon\/wp-json\/wp\/v2\/product\/24090","targetHints":{"allow":["GET"]}}],"collection":[{"href":"https:\/\/uj.adatbank.ro\/lexikon\/wp-json\/wp\/v2\/product"}],"about":[{"href":"https:\/\/uj.adatbank.ro\/lexikon\/wp-json\/wp\/v2\/types\/product"}],"replies":[{"embeddable":true,"href":"https:\/\/uj.adatbank.ro\/lexikon\/wp-json\/wp\/v2\/comments?post=24090"}],"wp:attachment":[{"href":"https:\/\/uj.adatbank.ro\/lexikon\/wp-json\/wp\/v2\/media?parent=24090"}],"wp:term":[{"taxonomy":"product_brand","embeddable":true,"href":"https:\/\/uj.adatbank.ro\/lexikon\/wp-json\/wp\/v2\/product_brand?post=24090"},{"taxonomy":"product_cat","embeddable":true,"href":"https:\/\/uj.adatbank.ro\/lexikon\/wp-json\/wp\/v2\/product_cat?post=24090"},{"taxonomy":"product_tag","embeddable":true,"href":"https:\/\/uj.adatbank.ro\/lexikon\/wp-json\/wp\/v2\/product_tag?post=24090"}],"curies":[{"name":"wp","href":"https:\/\/api.w.org\/{rel}","templated":true}]}}