{"id":24096,"date":"2025-08-01T17:54:35","date_gmt":"2025-08-01T15:54:35","guid":{"rendered":"https:\/\/uj.adatbank.ro\/lexikon\/termek\/varadi-koncz-zsigmond\/"},"modified":"2025-08-01T17:54:35","modified_gmt":"2025-08-01T15:54:35","slug":"varadi-koncz-zsigmond","status":"publish","type":"product","link":"https:\/\/uj.adatbank.ro\/lexikon\/termek\/varadi-koncz-zsigmond\/","title":{"rendered":"V\u00c1RADI KONCZ Zsigmond"},"content":{"rendered":"<p>? \u2020 ?: tan\u00edt\u00f3. \u2013 Mv.-en subscrib\u00e1lt (1766). H\u00e9derf\u00e1j\u00e1n (1770\u201376), Sz\u0151kefalv\u00e1n (1777), Radn\u00f3ton (1777\u201385), Mikefalv\u00e1n (1786\u201392) \u00e9s Marosbog\u00e1ton (1793\u20131801). <br \/><strong>\u2013 Irod.:<\/strong> K\u00fck\u00fcll\u0151i Ref. Egyh\u00e1zm. 2., 3., 4.<\/br><\/p>\n","protected":false},"excerpt":{"rendered":"<p>? \u2020 ?: tan\u00edt\u00f3. \u2013 Mv.-en subscrib\u00e1lt (1766). H\u00e9derf\u00e1j\u00e1n (1770\u201376), Sz\u0151kefalv\u00e1n (1777), Radn\u00f3ton (1777\u201385), Mikefalv\u00e1n (1786\u201392) \u00e9s Marosbog\u00e1ton (1793\u20131801). \u2013 Irod.: K\u00fck\u00fcll\u0151i Ref. Egyh\u00e1zm. 2., 3., 4.<\/p>\n","protected":false},"featured_media":0,"comment_status":"open","ping_status":"closed","template":"","meta":[],"product_brand":[],"product_cat":[137],"product_tag":[],"class_list":{"0":"post-24096","1":"product","2":"type-product","3":"status-publish","5":"product_cat-maros-megyei-eletrajzi-lexikon","7":"first","8":"instock","9":"shipping-taxable","10":"product-type-simple"},"_links":{"self":[{"href":"https:\/\/uj.adatbank.ro\/lexikon\/wp-json\/wp\/v2\/product\/24096","targetHints":{"allow":["GET"]}}],"collection":[{"href":"https:\/\/uj.adatbank.ro\/lexikon\/wp-json\/wp\/v2\/product"}],"about":[{"href":"https:\/\/uj.adatbank.ro\/lexikon\/wp-json\/wp\/v2\/types\/product"}],"replies":[{"embeddable":true,"href":"https:\/\/uj.adatbank.ro\/lexikon\/wp-json\/wp\/v2\/comments?post=24096"}],"wp:attachment":[{"href":"https:\/\/uj.adatbank.ro\/lexikon\/wp-json\/wp\/v2\/media?parent=24096"}],"wp:term":[{"taxonomy":"product_brand","embeddable":true,"href":"https:\/\/uj.adatbank.ro\/lexikon\/wp-json\/wp\/v2\/product_brand?post=24096"},{"taxonomy":"product_cat","embeddable":true,"href":"https:\/\/uj.adatbank.ro\/lexikon\/wp-json\/wp\/v2\/product_cat?post=24096"},{"taxonomy":"product_tag","embeddable":true,"href":"https:\/\/uj.adatbank.ro\/lexikon\/wp-json\/wp\/v2\/product_tag?post=24096"}],"curies":[{"name":"wp","href":"https:\/\/api.w.org\/{rel}","templated":true}]}}