{"id":24097,"date":"2025-08-01T17:54:37","date_gmt":"2025-08-01T15:54:37","guid":{"rendered":"https:\/\/uj.adatbank.ro\/lexikon\/termek\/varadi-lakatos-pal\/"},"modified":"2025-08-01T17:54:37","modified_gmt":"2025-08-01T15:54:37","slug":"varadi-lakatos-pal","status":"publish","type":"product","link":"https:\/\/uj.adatbank.ro\/lexikon\/termek\/varadi-lakatos-pal\/","title":{"rendered":"V\u00c1RADI LAKATOS P\u00e1l"},"content":{"rendered":"<p>? \u2020\u00a0?: v\u00e1rosi hadnagy. \u2013 A v\u00e1ros harmincegy gyalogkaton\u00e1j\u00e1nak hadnagya (1660), akinek R\u00e1k\u00f3czi Gy\u00f6rgy szebeni t\u00e1bor\u00e1ba kellett vezetnie csapat\u00e1t, a v\u00e1ros botj\u00e1t, z\u00e1szl\u00f3j\u00e1t, dobot, k\u00e9t t\u00e1rszeker\u00e9t n\u00e9gy \u00f6k\u00f6rrel. \u0150 kezelte a katon\u00e1k zsoldj\u00e1t is. <br \/><strong>\u2013 Irod.:<\/strong> Id\u0151t\u00e1r 1.<\/br><\/p>\n","protected":false},"excerpt":{"rendered":"<p>? \u2020\u00a0?: v\u00e1rosi hadnagy. \u2013 A v\u00e1ros harmincegy gyalogkaton\u00e1j\u00e1nak hadnagya (1660), akinek R\u00e1k\u00f3czi Gy\u00f6rgy szebeni t\u00e1bor\u00e1ba kellett vezetnie csapat\u00e1t, a v\u00e1ros botj\u00e1t, z\u00e1szl\u00f3j\u00e1t, dobot, k\u00e9t t\u00e1rszeker\u00e9t n\u00e9gy \u00f6k\u00f6rrel. \u0150 kezelte a katon\u00e1k zsoldj\u00e1t is. \u2013 Irod.: Id\u0151t\u00e1r 1.<\/p>\n","protected":false},"featured_media":0,"comment_status":"open","ping_status":"closed","template":"","meta":[],"product_brand":[],"product_cat":[137],"product_tag":[],"class_list":{"0":"post-24097","1":"product","2":"type-product","3":"status-publish","5":"product_cat-maros-megyei-eletrajzi-lexikon","7":"first","8":"instock","9":"shipping-taxable","10":"product-type-simple"},"_links":{"self":[{"href":"https:\/\/uj.adatbank.ro\/lexikon\/wp-json\/wp\/v2\/product\/24097","targetHints":{"allow":["GET"]}}],"collection":[{"href":"https:\/\/uj.adatbank.ro\/lexikon\/wp-json\/wp\/v2\/product"}],"about":[{"href":"https:\/\/uj.adatbank.ro\/lexikon\/wp-json\/wp\/v2\/types\/product"}],"replies":[{"embeddable":true,"href":"https:\/\/uj.adatbank.ro\/lexikon\/wp-json\/wp\/v2\/comments?post=24097"}],"wp:attachment":[{"href":"https:\/\/uj.adatbank.ro\/lexikon\/wp-json\/wp\/v2\/media?parent=24097"}],"wp:term":[{"taxonomy":"product_brand","embeddable":true,"href":"https:\/\/uj.adatbank.ro\/lexikon\/wp-json\/wp\/v2\/product_brand?post=24097"},{"taxonomy":"product_cat","embeddable":true,"href":"https:\/\/uj.adatbank.ro\/lexikon\/wp-json\/wp\/v2\/product_cat?post=24097"},{"taxonomy":"product_tag","embeddable":true,"href":"https:\/\/uj.adatbank.ro\/lexikon\/wp-json\/wp\/v2\/product_tag?post=24097"}],"curies":[{"name":"wp","href":"https:\/\/api.w.org\/{rel}","templated":true}]}}