{"id":24099,"date":"2025-08-01T17:54:41","date_gmt":"2025-08-01T15:54:41","guid":{"rendered":"https:\/\/uj.adatbank.ro\/lexikon\/termek\/varadi-marton-2\/"},"modified":"2025-08-01T17:54:41","modified_gmt":"2025-08-01T15:54:41","slug":"varadi-marton-2","status":"publish","type":"product","link":"https:\/\/uj.adatbank.ro\/lexikon\/termek\/varadi-marton-2\/","title":{"rendered":"V\u00c1RADI M\u00e1rton"},"content":{"rendered":"<p>1839? \u2020\u00a0Mv., 1912. dec. 24.: ?. \u2013 Testv\u00e9rei: V. J\u00e1nos; R\u00f3za Sipos Gyul\u00e1n\u00e9; Eszter Sztankovits Lajosn\u00e9; Istv\u00e1n. Gyermekei: R\u00f3za Lengyel Krist\u00f3fn\u00e9; Ilona So\u00f3s K\u00e1rolyn\u00e9; Irma ifj. Csisz\u00e1r Lajosn\u00e9; \u00c1rp\u00e1d, feles\u00e9ge Nagy Zelma. <br \/><strong>\u2013 Irod.:<\/strong> Gy\u00e1szjelent\u0151.<\/br><\/p>\n","protected":false},"excerpt":{"rendered":"<p>1839? \u2020\u00a0Mv., 1912. dec. 24.: ?. \u2013 Testv\u00e9rei: V. J\u00e1nos; R\u00f3za Sipos Gyul\u00e1n\u00e9; Eszter Sztankovits Lajosn\u00e9; Istv\u00e1n. Gyermekei: R\u00f3za Lengyel Krist\u00f3fn\u00e9; Ilona So\u00f3s K\u00e1rolyn\u00e9; Irma ifj. Csisz\u00e1r Lajosn\u00e9; \u00c1rp\u00e1d, feles\u00e9ge Nagy Zelma. \u2013 Irod.: Gy\u00e1szjelent\u0151.<\/p>\n","protected":false},"featured_media":0,"comment_status":"open","ping_status":"closed","template":"","meta":[],"product_brand":[],"product_cat":[137],"product_tag":[],"class_list":{"0":"post-24099","1":"product","2":"type-product","3":"status-publish","5":"product_cat-maros-megyei-eletrajzi-lexikon","7":"first","8":"instock","9":"shipping-taxable","10":"product-type-simple"},"_links":{"self":[{"href":"https:\/\/uj.adatbank.ro\/lexikon\/wp-json\/wp\/v2\/product\/24099","targetHints":{"allow":["GET"]}}],"collection":[{"href":"https:\/\/uj.adatbank.ro\/lexikon\/wp-json\/wp\/v2\/product"}],"about":[{"href":"https:\/\/uj.adatbank.ro\/lexikon\/wp-json\/wp\/v2\/types\/product"}],"replies":[{"embeddable":true,"href":"https:\/\/uj.adatbank.ro\/lexikon\/wp-json\/wp\/v2\/comments?post=24099"}],"wp:attachment":[{"href":"https:\/\/uj.adatbank.ro\/lexikon\/wp-json\/wp\/v2\/media?parent=24099"}],"wp:term":[{"taxonomy":"product_brand","embeddable":true,"href":"https:\/\/uj.adatbank.ro\/lexikon\/wp-json\/wp\/v2\/product_brand?post=24099"},{"taxonomy":"product_cat","embeddable":true,"href":"https:\/\/uj.adatbank.ro\/lexikon\/wp-json\/wp\/v2\/product_cat?post=24099"},{"taxonomy":"product_tag","embeddable":true,"href":"https:\/\/uj.adatbank.ro\/lexikon\/wp-json\/wp\/v2\/product_tag?post=24099"}],"curies":[{"name":"wp","href":"https:\/\/api.w.org\/{rel}","templated":true}]}}