{"id":24100,"date":"2025-08-01T17:54:43","date_gmt":"2025-08-01T15:54:43","guid":{"rendered":"https:\/\/uj.adatbank.ro\/lexikon\/termek\/varadi-marton-3\/"},"modified":"2025-08-01T17:54:43","modified_gmt":"2025-08-01T15:54:43","slug":"varadi-marton-3","status":"publish","type":"product","link":"https:\/\/uj.adatbank.ro\/lexikon\/termek\/varadi-marton-3\/","title":{"rendered":"V\u00c1RADI M\u00e1rton"},"content":{"rendered":"<p>Mv., 1918. \u00e1pr.21., \u2020 Pom\u00e1z (Magyaro.), 1970: hivat\u00e1sos katonatiszt. \u2013 V. \u00c1rp\u00e1d testv\u00e9re. A II. vh.-ban hadnagyi rangban vett r\u00e9szt, a h\u00e1bor\u00fa ut\u00e1n Pesten maradt ott is halt meg. <br \/><strong>\u2013 Irod.:<\/strong> Berekm\u00e9ri; Sipos.<\/br><\/p>\n","protected":false},"excerpt":{"rendered":"<p>Mv., 1918. \u00e1pr.21., \u2020 Pom\u00e1z (Magyaro.), 1970: hivat\u00e1sos katonatiszt. \u2013 V. \u00c1rp\u00e1d testv\u00e9re. A II. vh.-ban hadnagyi rangban vett r\u00e9szt, a h\u00e1bor\u00fa ut\u00e1n Pesten maradt ott is halt meg. \u2013 Irod.: Berekm\u00e9ri; Sipos.<\/p>\n","protected":false},"featured_media":0,"comment_status":"open","ping_status":"closed","template":"","meta":[],"product_brand":[],"product_cat":[137],"product_tag":[],"class_list":{"0":"post-24100","1":"product","2":"type-product","3":"status-publish","5":"product_cat-maros-megyei-eletrajzi-lexikon","7":"first","8":"instock","9":"shipping-taxable","10":"product-type-simple"},"_links":{"self":[{"href":"https:\/\/uj.adatbank.ro\/lexikon\/wp-json\/wp\/v2\/product\/24100","targetHints":{"allow":["GET"]}}],"collection":[{"href":"https:\/\/uj.adatbank.ro\/lexikon\/wp-json\/wp\/v2\/product"}],"about":[{"href":"https:\/\/uj.adatbank.ro\/lexikon\/wp-json\/wp\/v2\/types\/product"}],"replies":[{"embeddable":true,"href":"https:\/\/uj.adatbank.ro\/lexikon\/wp-json\/wp\/v2\/comments?post=24100"}],"wp:attachment":[{"href":"https:\/\/uj.adatbank.ro\/lexikon\/wp-json\/wp\/v2\/media?parent=24100"}],"wp:term":[{"taxonomy":"product_brand","embeddable":true,"href":"https:\/\/uj.adatbank.ro\/lexikon\/wp-json\/wp\/v2\/product_brand?post=24100"},{"taxonomy":"product_cat","embeddable":true,"href":"https:\/\/uj.adatbank.ro\/lexikon\/wp-json\/wp\/v2\/product_cat?post=24100"},{"taxonomy":"product_tag","embeddable":true,"href":"https:\/\/uj.adatbank.ro\/lexikon\/wp-json\/wp\/v2\/product_tag?post=24100"}],"curies":[{"name":"wp","href":"https:\/\/api.w.org\/{rel}","templated":true}]}}