{"id":24101,"date":"2025-08-01T17:54:46","date_gmt":"2025-08-01T15:54:46","guid":{"rendered":"https:\/\/uj.adatbank.ro\/lexikon\/termek\/varadi-matyas\/"},"modified":"2025-08-01T17:54:46","modified_gmt":"2025-08-01T15:54:46","slug":"varadi-matyas","status":"publish","type":"product","link":"https:\/\/uj.adatbank.ro\/lexikon\/termek\/varadi-matyas\/","title":{"rendered":"V\u00c1RADI M\u00e1ty\u00e1s"},"content":{"rendered":"<p>S\u00f3v\u00e1rad, 1638, \u2020\u00a0K\u00e9zdiv\u00e1s\u00e1rhely, 1684 ut\u00e1n: pap, orvos. \u2013 Mv.-en tanult, majd Kv.-on Ap\u00e1czai Csere J\u00e1nos tan\u00edtv\u00e1nya volt. Ezut\u00e1n a leideni (beiratkozott 1665. nov. 19.), az utrechti, a franekeri egy.-en (1668\u2013) teol\u00f3gi\u00e1t \u00e9s orvostudom\u00e1nyt tanult. A franekeri egy.-en orvosi \u00e9s teol. doktori oklevelet szerzett (1669). K\u00e9zdiv\u00e1s\u00e1rhelyen ref. lelk\u00e9sz (1670\u201380), egy\u00fattal kezdi esperes (1672\u2013). Chiliasztikus n\u00e9zetei miatt a papi hivat\u00e1st\u00f3l eltiltott\u00e1k (1680 k.), ezut\u00e1n gyakorl\u00f3 orvos lett. Orvosk\u00e9nt orsz. h\u00edrnevet szerzett. A m. orvost\u00f6rt\u00e9netben jelent\u0151sek a himl\u0151r\u0151l, a kanyar\u00f3r\u00f3l \u00e9s a t\u00fcd\u0151v\u00e9szr\u0151l \u00edrt latin nyelv\u0171 \u00e9rtekez\u00e9sei. \u2013  <strong>F. m..:<\/strong> Dissertatio theologia de votis&#8230; (Utrecht, 1666); Disputatio mediea de variolis et morbilis&#8230; (Utrecht, 1667); \u00c9g\u0151 sz\u00f6vetnek avagy ragyog\u00f3 f\u00e1klya&#8230; (Franeker, 1668); Disputatio Mediea Inauguralis de Phthisi (Franeker, 1669). <br \/><strong>\u2013 Irod.:<\/strong> Rugonfalvi Kiss; Offner, Robert. = Tonk S. 2020; \u00daM\u00c9L.<\/br><\/p>\n","protected":false},"excerpt":{"rendered":"<p>S\u00f3v\u00e1rad, 1638, \u2020\u00a0K\u00e9zdiv\u00e1s\u00e1rhely, 1684 ut\u00e1n: pap, orvos. \u2013 Mv.-en tanult, majd Kv.-on Ap\u00e1czai Csere J\u00e1nos tan\u00edtv\u00e1nya volt. Ezut\u00e1n a leideni (beiratkozott 1665. nov. 19.), az utrechti, a franekeri egy.-en (1668\u2013) teol\u00f3gi\u00e1t \u00e9s orvostudom\u00e1nyt tanult. A franekeri egy.-en orvosi \u00e9s teol. doktori oklevelet szerzett (1669). K\u00e9zdiv\u00e1s\u00e1rhelyen ref. lelk\u00e9sz (1670\u201380), egy\u00fattal kezdi esperes (1672\u2013). Chiliasztikus n\u00e9zetei miatt [&hellip;]<\/p>\n","protected":false},"featured_media":0,"comment_status":"open","ping_status":"closed","template":"","meta":[],"product_brand":[],"product_cat":[137],"product_tag":[],"class_list":{"0":"post-24101","1":"product","2":"type-product","3":"status-publish","5":"product_cat-maros-megyei-eletrajzi-lexikon","7":"first","8":"instock","9":"shipping-taxable","10":"product-type-simple"},"_links":{"self":[{"href":"https:\/\/uj.adatbank.ro\/lexikon\/wp-json\/wp\/v2\/product\/24101","targetHints":{"allow":["GET"]}}],"collection":[{"href":"https:\/\/uj.adatbank.ro\/lexikon\/wp-json\/wp\/v2\/product"}],"about":[{"href":"https:\/\/uj.adatbank.ro\/lexikon\/wp-json\/wp\/v2\/types\/product"}],"replies":[{"embeddable":true,"href":"https:\/\/uj.adatbank.ro\/lexikon\/wp-json\/wp\/v2\/comments?post=24101"}],"wp:attachment":[{"href":"https:\/\/uj.adatbank.ro\/lexikon\/wp-json\/wp\/v2\/media?parent=24101"}],"wp:term":[{"taxonomy":"product_brand","embeddable":true,"href":"https:\/\/uj.adatbank.ro\/lexikon\/wp-json\/wp\/v2\/product_brand?post=24101"},{"taxonomy":"product_cat","embeddable":true,"href":"https:\/\/uj.adatbank.ro\/lexikon\/wp-json\/wp\/v2\/product_cat?post=24101"},{"taxonomy":"product_tag","embeddable":true,"href":"https:\/\/uj.adatbank.ro\/lexikon\/wp-json\/wp\/v2\/product_tag?post=24101"}],"curies":[{"name":"wp","href":"https:\/\/api.w.org\/{rel}","templated":true}]}}