{"id":24102,"date":"2025-08-01T17:54:48","date_gmt":"2025-08-01T15:54:48","guid":{"rendered":"https:\/\/uj.adatbank.ro\/lexikon\/termek\/varadi-mendel-%c2%a7\/"},"modified":"2025-08-01T17:54:48","modified_gmt":"2025-08-01T15:54:48","slug":"varadi-mendel-%c2%a7","status":"publish","type":"product","link":"https:\/\/uj.adatbank.ro\/lexikon\/termek\/varadi-mendel-%c2%a7\/","title":{"rendered":"V\u00c1RADI Mendel, \u00a7"},"content":{"rendered":"<p>? \u2020 ?: keresked\u0151. \u2013 Mv.-en volt keresked\u0151. Az I. vh.-ban (1914. aug.\u201318. nov.) az olasz \u00e9s alb\u00e1n harct\u00e9ren volt I. o. sz\u00e1mviv\u0151 altiszt, \u0151rmester. <br \/><strong>\u2013 Irod.:<\/strong> M. hadviselt zsid\u00f3k.<\/br><\/p>\n","protected":false},"excerpt":{"rendered":"<p>? \u2020 ?: keresked\u0151. \u2013 Mv.-en volt keresked\u0151. Az I. vh.-ban (1914. aug.\u201318. nov.) az olasz \u00e9s alb\u00e1n harct\u00e9ren volt I. o. sz\u00e1mviv\u0151 altiszt, \u0151rmester. \u2013 Irod.: M. hadviselt zsid\u00f3k.<\/p>\n","protected":false},"featured_media":0,"comment_status":"open","ping_status":"closed","template":"","meta":[],"product_brand":[],"product_cat":[137],"product_tag":[],"class_list":{"0":"post-24102","1":"product","2":"type-product","3":"status-publish","5":"product_cat-maros-megyei-eletrajzi-lexikon","7":"first","8":"instock","9":"shipping-taxable","10":"product-type-simple"},"_links":{"self":[{"href":"https:\/\/uj.adatbank.ro\/lexikon\/wp-json\/wp\/v2\/product\/24102","targetHints":{"allow":["GET"]}}],"collection":[{"href":"https:\/\/uj.adatbank.ro\/lexikon\/wp-json\/wp\/v2\/product"}],"about":[{"href":"https:\/\/uj.adatbank.ro\/lexikon\/wp-json\/wp\/v2\/types\/product"}],"replies":[{"embeddable":true,"href":"https:\/\/uj.adatbank.ro\/lexikon\/wp-json\/wp\/v2\/comments?post=24102"}],"wp:attachment":[{"href":"https:\/\/uj.adatbank.ro\/lexikon\/wp-json\/wp\/v2\/media?parent=24102"}],"wp:term":[{"taxonomy":"product_brand","embeddable":true,"href":"https:\/\/uj.adatbank.ro\/lexikon\/wp-json\/wp\/v2\/product_brand?post=24102"},{"taxonomy":"product_cat","embeddable":true,"href":"https:\/\/uj.adatbank.ro\/lexikon\/wp-json\/wp\/v2\/product_cat?post=24102"},{"taxonomy":"product_tag","embeddable":true,"href":"https:\/\/uj.adatbank.ro\/lexikon\/wp-json\/wp\/v2\/product_tag?post=24102"}],"curies":[{"name":"wp","href":"https:\/\/api.w.org\/{rel}","templated":true}]}}