{"id":24104,"date":"2025-08-01T17:54:56","date_gmt":"2025-08-01T15:54:56","guid":{"rendered":"https:\/\/uj.adatbank.ro\/lexikon\/termek\/varadi-miklos\/"},"modified":"2025-08-01T17:54:56","modified_gmt":"2025-08-01T15:54:56","slug":"varadi-miklos","status":"publish","type":"product","link":"https:\/\/uj.adatbank.ro\/lexikon\/termek\/varadi-miklos\/","title":{"rendered":"V\u00c1RADI Mikl\u00f3s"},"content":{"rendered":"<p>? \u2020 ?: ref. lelk\u00e9sz. \u2013 Feles\u00e9ge S\u00e1rpataki Judit. \u2013 Lelk\u00e9sz D\u00e1ny\u00e1nban (1653\u201355, 1685\u201386), Kerel\u0151ben (1659), Maroscsp\u00f3n (1670), Boldogfalv\u00e1n (1678), K\u00f3r\u00f3dszentm\u00e1rtonban (1680\u201381) \u00e9s B\u00faz\u00e1sbeseny\u0151n (1683), Mez\u0151k\u00f6lp\u00e9nyben (1692\u201397), majd Somosdon (1699\u20131701) \u00e9s Sz\u00e9kelykakasdon (1703). <br \/><strong>\u2013 Irod.:<\/strong> K\u00fck\u00fcll\u0151i Ref. Egyh\u00e1zm. 1., 2., 4.; Somosd.<\/br><\/p>\n","protected":false},"excerpt":{"rendered":"<p>? \u2020 ?: ref. lelk\u00e9sz. \u2013 Feles\u00e9ge S\u00e1rpataki Judit. \u2013 Lelk\u00e9sz D\u00e1ny\u00e1nban (1653\u201355, 1685\u201386), Kerel\u0151ben (1659), Maroscsp\u00f3n (1670), Boldogfalv\u00e1n (1678), K\u00f3r\u00f3dszentm\u00e1rtonban (1680\u201381) \u00e9s B\u00faz\u00e1sbeseny\u0151n (1683), Mez\u0151k\u00f6lp\u00e9nyben (1692\u201397), majd Somosdon (1699\u20131701) \u00e9s Sz\u00e9kelykakasdon (1703). \u2013 Irod.: K\u00fck\u00fcll\u0151i Ref. Egyh\u00e1zm. 1., 2., 4.; Somosd.<\/p>\n","protected":false},"featured_media":0,"comment_status":"open","ping_status":"closed","template":"","meta":[],"product_brand":[],"product_cat":[137],"product_tag":[],"class_list":{"0":"post-24104","1":"product","2":"type-product","3":"status-publish","5":"product_cat-maros-megyei-eletrajzi-lexikon","7":"first","8":"instock","9":"shipping-taxable","10":"product-type-simple"},"_links":{"self":[{"href":"https:\/\/uj.adatbank.ro\/lexikon\/wp-json\/wp\/v2\/product\/24104","targetHints":{"allow":["GET"]}}],"collection":[{"href":"https:\/\/uj.adatbank.ro\/lexikon\/wp-json\/wp\/v2\/product"}],"about":[{"href":"https:\/\/uj.adatbank.ro\/lexikon\/wp-json\/wp\/v2\/types\/product"}],"replies":[{"embeddable":true,"href":"https:\/\/uj.adatbank.ro\/lexikon\/wp-json\/wp\/v2\/comments?post=24104"}],"wp:attachment":[{"href":"https:\/\/uj.adatbank.ro\/lexikon\/wp-json\/wp\/v2\/media?parent=24104"}],"wp:term":[{"taxonomy":"product_brand","embeddable":true,"href":"https:\/\/uj.adatbank.ro\/lexikon\/wp-json\/wp\/v2\/product_brand?post=24104"},{"taxonomy":"product_cat","embeddable":true,"href":"https:\/\/uj.adatbank.ro\/lexikon\/wp-json\/wp\/v2\/product_cat?post=24104"},{"taxonomy":"product_tag","embeddable":true,"href":"https:\/\/uj.adatbank.ro\/lexikon\/wp-json\/wp\/v2\/product_tag?post=24104"}],"curies":[{"name":"wp","href":"https:\/\/api.w.org\/{rel}","templated":true}]}}