{"id":24108,"date":"2025-08-01T17:55:06","date_gmt":"2025-08-01T15:55:06","guid":{"rendered":"https:\/\/uj.adatbank.ro\/lexikon\/termek\/varadi-pal\/"},"modified":"2025-08-01T17:55:06","modified_gmt":"2025-08-01T15:55:06","slug":"varadi-pal","status":"publish","type":"product","link":"https:\/\/uj.adatbank.ro\/lexikon\/termek\/varadi-pal\/","title":{"rendered":"V\u00c1RADI P\u00e1l"},"content":{"rendered":"<p>?, \u2020\u00a0?: a sz\u00e9kely s\u00f3b\u00e1ny\u00e1k kamar\u00e1sa. \u2013 B\u00e1thori Krist\u00f3f adom\u00e1nyozta neki Vatah\u00e1za puszt\u00e1t, mely Markod, Dem\u00e9nyh\u00e1za \u00e9s B\u00fazah\u00e1za marossz\u00e9ki falvakhoz tartozott (1579). <br \/><strong>\u2013 Irod.:<\/strong> SzOkl, 4.<\/br><\/p>\n","protected":false},"excerpt":{"rendered":"<p>?, \u2020\u00a0?: a sz\u00e9kely s\u00f3b\u00e1ny\u00e1k kamar\u00e1sa. \u2013 B\u00e1thori Krist\u00f3f adom\u00e1nyozta neki Vatah\u00e1za puszt\u00e1t, mely Markod, Dem\u00e9nyh\u00e1za \u00e9s B\u00fazah\u00e1za marossz\u00e9ki falvakhoz tartozott (1579). \u2013 Irod.: SzOkl, 4.<\/p>\n","protected":false},"featured_media":0,"comment_status":"open","ping_status":"closed","template":"","meta":[],"product_brand":[],"product_cat":[137],"product_tag":[],"class_list":{"0":"post-24108","1":"product","2":"type-product","3":"status-publish","5":"product_cat-maros-megyei-eletrajzi-lexikon","7":"first","8":"instock","9":"shipping-taxable","10":"product-type-simple"},"_links":{"self":[{"href":"https:\/\/uj.adatbank.ro\/lexikon\/wp-json\/wp\/v2\/product\/24108","targetHints":{"allow":["GET"]}}],"collection":[{"href":"https:\/\/uj.adatbank.ro\/lexikon\/wp-json\/wp\/v2\/product"}],"about":[{"href":"https:\/\/uj.adatbank.ro\/lexikon\/wp-json\/wp\/v2\/types\/product"}],"replies":[{"embeddable":true,"href":"https:\/\/uj.adatbank.ro\/lexikon\/wp-json\/wp\/v2\/comments?post=24108"}],"wp:attachment":[{"href":"https:\/\/uj.adatbank.ro\/lexikon\/wp-json\/wp\/v2\/media?parent=24108"}],"wp:term":[{"taxonomy":"product_brand","embeddable":true,"href":"https:\/\/uj.adatbank.ro\/lexikon\/wp-json\/wp\/v2\/product_brand?post=24108"},{"taxonomy":"product_cat","embeddable":true,"href":"https:\/\/uj.adatbank.ro\/lexikon\/wp-json\/wp\/v2\/product_cat?post=24108"},{"taxonomy":"product_tag","embeddable":true,"href":"https:\/\/uj.adatbank.ro\/lexikon\/wp-json\/wp\/v2\/product_tag?post=24108"}],"curies":[{"name":"wp","href":"https:\/\/api.w.org\/{rel}","templated":true}]}}