{"id":24118,"date":"2025-08-01T17:55:25","date_gmt":"2025-08-01T15:55:25","guid":{"rendered":"https:\/\/uj.adatbank.ro\/lexikon\/termek\/varady-albert-sovaradi\/"},"modified":"2025-08-01T17:55:25","modified_gmt":"2025-08-01T15:55:25","slug":"varady-albert-sovaradi","status":"publish","type":"product","link":"https:\/\/uj.adatbank.ro\/lexikon\/termek\/varady-albert-sovaradi\/","title":{"rendered":"V\u00c1RADY Albert, s\u00f3v\u00e1radi"},"content":{"rendered":"<p>Demeterfalva (Maros), 1889., \u2020\u00a0?: ref. lelk\u00e9sz. \u2013 Mv.-en \u00e9retts\u00e9gizett \u00e9s Kv.-on szentelt\u00e9k papp\u00e1 (1912). Mez\u0151paniton lelk\u00e9sz. T\u00f6bb vall\u00e1sos \u00e9s szoci\u00e1lis cikke jelent meg. 12 \u00e9vig volt az egyh\u00e1zmegye tan\u00fcgyi belmisszi\u00f3i el\u0151ad\u00f3ja, egyh\u00e1zker\u00fcleti k\u00e9pvisel\u0151 \u00e9s egyh\u00e1zmegyei tan\u00e1csos, a MP tagja, az Egyh\u00e1zmegyei Lelk\u00e9szi Egyes\u00fclet eln\u00f6ke (1934\u2013). <br \/><strong>\u2013 Irod.:<\/strong> Sz\u00e9kelyf\u00f6ld \u00ed. k.<\/br><\/p>\n","protected":false},"excerpt":{"rendered":"<p>Demeterfalva (Maros), 1889., \u2020\u00a0?: ref. lelk\u00e9sz. \u2013 Mv.-en \u00e9retts\u00e9gizett \u00e9s Kv.-on szentelt\u00e9k papp\u00e1 (1912). Mez\u0151paniton lelk\u00e9sz. T\u00f6bb vall\u00e1sos \u00e9s szoci\u00e1lis cikke jelent meg. 12 \u00e9vig volt az egyh\u00e1zmegye tan\u00fcgyi belmisszi\u00f3i el\u0151ad\u00f3ja, egyh\u00e1zker\u00fcleti k\u00e9pvisel\u0151 \u00e9s egyh\u00e1zmegyei tan\u00e1csos, a MP tagja, az Egyh\u00e1zmegyei Lelk\u00e9szi Egyes\u00fclet eln\u00f6ke (1934\u2013). \u2013 Irod.: Sz\u00e9kelyf\u00f6ld \u00ed. k.<\/p>\n","protected":false},"featured_media":0,"comment_status":"open","ping_status":"closed","template":"","meta":[],"product_brand":[],"product_cat":[137],"product_tag":[],"class_list":{"0":"post-24118","1":"product","2":"type-product","3":"status-publish","5":"product_cat-maros-megyei-eletrajzi-lexikon","7":"first","8":"instock","9":"shipping-taxable","10":"product-type-simple"},"_links":{"self":[{"href":"https:\/\/uj.adatbank.ro\/lexikon\/wp-json\/wp\/v2\/product\/24118","targetHints":{"allow":["GET"]}}],"collection":[{"href":"https:\/\/uj.adatbank.ro\/lexikon\/wp-json\/wp\/v2\/product"}],"about":[{"href":"https:\/\/uj.adatbank.ro\/lexikon\/wp-json\/wp\/v2\/types\/product"}],"replies":[{"embeddable":true,"href":"https:\/\/uj.adatbank.ro\/lexikon\/wp-json\/wp\/v2\/comments?post=24118"}],"wp:attachment":[{"href":"https:\/\/uj.adatbank.ro\/lexikon\/wp-json\/wp\/v2\/media?parent=24118"}],"wp:term":[{"taxonomy":"product_brand","embeddable":true,"href":"https:\/\/uj.adatbank.ro\/lexikon\/wp-json\/wp\/v2\/product_brand?post=24118"},{"taxonomy":"product_cat","embeddable":true,"href":"https:\/\/uj.adatbank.ro\/lexikon\/wp-json\/wp\/v2\/product_cat?post=24118"},{"taxonomy":"product_tag","embeddable":true,"href":"https:\/\/uj.adatbank.ro\/lexikon\/wp-json\/wp\/v2\/product_tag?post=24118"}],"curies":[{"name":"wp","href":"https:\/\/api.w.org\/{rel}","templated":true}]}}