{"id":24121,"date":"2025-08-01T17:55:33","date_gmt":"2025-08-01T15:55:33","guid":{"rendered":"https:\/\/uj.adatbank.ro\/lexikon\/termek\/varady-janos\/"},"modified":"2025-08-01T17:55:33","modified_gmt":"2025-08-01T15:55:33","slug":"varady-janos","status":"publish","type":"product","link":"https:\/\/uj.adatbank.ro\/lexikon\/termek\/varady-janos\/","title":{"rendered":"V\u00c1RADY J\u00e1nos"},"content":{"rendered":"<p>S\u00f3v\u00e1rad (Maros), 1890., \u2020\u00a0?: gazd\u00e1lkod\u00f3. \u2013 A sz\u00fcleit\u0151l tanult gazd\u00e1lkodni, majd \u00f6n\u00e1ll\u00f3 lett 32 holdon. Az els\u0151 vh.-ban a 22. h. gy. ezredben az orosz fronton harcolt, megsebes\u00fclt. A Hangya \u00e9s a Hitelsz\u00f6vetkezet eln\u00f6ke, a MP tagja volt. <br \/><strong>\u2013 Irod.:<\/strong> Sz\u00e9kelyf\u00f6ld \u00ed. k.<\/br><\/p>\n","protected":false},"excerpt":{"rendered":"<p>S\u00f3v\u00e1rad (Maros), 1890., \u2020\u00a0?: gazd\u00e1lkod\u00f3. \u2013 A sz\u00fcleit\u0151l tanult gazd\u00e1lkodni, majd \u00f6n\u00e1ll\u00f3 lett 32 holdon. Az els\u0151 vh.-ban a 22. h. gy. ezredben az orosz fronton harcolt, megsebes\u00fclt. A Hangya \u00e9s a Hitelsz\u00f6vetkezet eln\u00f6ke, a MP tagja volt. \u2013 Irod.: Sz\u00e9kelyf\u00f6ld \u00ed. k.<\/p>\n","protected":false},"featured_media":0,"comment_status":"open","ping_status":"closed","template":"","meta":[],"product_brand":[],"product_cat":[137],"product_tag":[],"class_list":{"0":"post-24121","1":"product","2":"type-product","3":"status-publish","5":"product_cat-maros-megyei-eletrajzi-lexikon","7":"first","8":"instock","9":"shipping-taxable","10":"product-type-simple"},"_links":{"self":[{"href":"https:\/\/uj.adatbank.ro\/lexikon\/wp-json\/wp\/v2\/product\/24121","targetHints":{"allow":["GET"]}}],"collection":[{"href":"https:\/\/uj.adatbank.ro\/lexikon\/wp-json\/wp\/v2\/product"}],"about":[{"href":"https:\/\/uj.adatbank.ro\/lexikon\/wp-json\/wp\/v2\/types\/product"}],"replies":[{"embeddable":true,"href":"https:\/\/uj.adatbank.ro\/lexikon\/wp-json\/wp\/v2\/comments?post=24121"}],"wp:attachment":[{"href":"https:\/\/uj.adatbank.ro\/lexikon\/wp-json\/wp\/v2\/media?parent=24121"}],"wp:term":[{"taxonomy":"product_brand","embeddable":true,"href":"https:\/\/uj.adatbank.ro\/lexikon\/wp-json\/wp\/v2\/product_brand?post=24121"},{"taxonomy":"product_cat","embeddable":true,"href":"https:\/\/uj.adatbank.ro\/lexikon\/wp-json\/wp\/v2\/product_cat?post=24121"},{"taxonomy":"product_tag","embeddable":true,"href":"https:\/\/uj.adatbank.ro\/lexikon\/wp-json\/wp\/v2\/product_tag?post=24121"}],"curies":[{"name":"wp","href":"https:\/\/api.w.org\/{rel}","templated":true}]}}