{"id":24123,"date":"2025-08-01T17:55:36","date_gmt":"2025-08-01T15:55:36","guid":{"rendered":"https:\/\/uj.adatbank.ro\/lexikon\/termek\/varady-karoly\/"},"modified":"2025-08-01T17:55:36","modified_gmt":"2025-08-01T15:55:36","slug":"varady-karoly","status":"publish","type":"product","link":"https:\/\/uj.adatbank.ro\/lexikon\/termek\/varady-karoly\/","title":{"rendered":"V\u00c1RADY K\u00e1roly"},"content":{"rendered":"<p>M\u00e1ramarossziget, 1906. \u2020\u00a0??: orvos, endokrinol\u00f3gus. \u2013 Az orvosi egyetemet Kv.-on v\u00e9gezte (1932). Endokrinol\u00f3gus Mv.-en Izraelbe k\u00f6lt\u00f6z\u00f6tt. \u2013  <strong>F. m..:<\/strong>  <strong>t\u00e1rsszerz\u0151:<\/strong> Endokrinol\u00f3gia (Mv., 1951); Belgy\u00f3gy\u00e1szati diagnosztika 1\u20132 k\u00f6t. (Mv., 1957). <br \/><strong>\u2013 Irod.:<\/strong> Genersich; Kiss Cs. M 3.; P\u00e9ter.<\/br><\/p>\n","protected":false},"excerpt":{"rendered":"<p>M\u00e1ramarossziget, 1906. \u2020\u00a0??: orvos, endokrinol\u00f3gus. \u2013 Az orvosi egyetemet Kv.-on v\u00e9gezte (1932). Endokrinol\u00f3gus Mv.-en Izraelbe k\u00f6lt\u00f6z\u00f6tt. \u2013 F. m..: t\u00e1rsszerz\u0151: Endokrinol\u00f3gia (Mv., 1951); Belgy\u00f3gy\u00e1szati diagnosztika 1\u20132 k\u00f6t. (Mv., 1957). \u2013 Irod.: Genersich; Kiss Cs. M 3.; P\u00e9ter.<\/p>\n","protected":false},"featured_media":0,"comment_status":"open","ping_status":"closed","template":"","meta":[],"product_brand":[],"product_cat":[137],"product_tag":[],"class_list":{"0":"post-24123","1":"product","2":"type-product","3":"status-publish","5":"product_cat-maros-megyei-eletrajzi-lexikon","7":"first","8":"instock","9":"shipping-taxable","10":"product-type-simple"},"_links":{"self":[{"href":"https:\/\/uj.adatbank.ro\/lexikon\/wp-json\/wp\/v2\/product\/24123","targetHints":{"allow":["GET"]}}],"collection":[{"href":"https:\/\/uj.adatbank.ro\/lexikon\/wp-json\/wp\/v2\/product"}],"about":[{"href":"https:\/\/uj.adatbank.ro\/lexikon\/wp-json\/wp\/v2\/types\/product"}],"replies":[{"embeddable":true,"href":"https:\/\/uj.adatbank.ro\/lexikon\/wp-json\/wp\/v2\/comments?post=24123"}],"wp:attachment":[{"href":"https:\/\/uj.adatbank.ro\/lexikon\/wp-json\/wp\/v2\/media?parent=24123"}],"wp:term":[{"taxonomy":"product_brand","embeddable":true,"href":"https:\/\/uj.adatbank.ro\/lexikon\/wp-json\/wp\/v2\/product_brand?post=24123"},{"taxonomy":"product_cat","embeddable":true,"href":"https:\/\/uj.adatbank.ro\/lexikon\/wp-json\/wp\/v2\/product_cat?post=24123"},{"taxonomy":"product_tag","embeddable":true,"href":"https:\/\/uj.adatbank.ro\/lexikon\/wp-json\/wp\/v2\/product_tag?post=24123"}],"curies":[{"name":"wp","href":"https:\/\/api.w.org\/{rel}","templated":true}]}}