{"id":24124,"date":"2025-08-01T17:55:39","date_gmt":"2025-08-01T15:55:39","guid":{"rendered":"https:\/\/uj.adatbank.ro\/lexikon\/termek\/varady-rudolf-%c2%a7-bublocs-varadi-rudolf\/"},"modified":"2025-08-01T17:55:39","modified_gmt":"2025-08-01T15:55:39","slug":"varady-rudolf-%c2%a7-bublocs-varadi-rudolf","status":"publish","type":"product","link":"https:\/\/uj.adatbank.ro\/lexikon\/termek\/varady-rudolf-%c2%a7-bublocs-varadi-rudolf\/","title":{"rendered":"V\u00c1RADY Rudolf, \u00a7 Bubl\u00f3cs; V\u00e1radi Rudolf"},"content":{"rendered":"<p>Nagyv\u00e1rad, 1892. aug. 20., \u2020 Mv., 1957. okt. 27.: sz\u00edn\u00e9sz, rendez\u0151. \u2013 Szatm\u00e1rn\u00e9meti \u00e9s nagyk\u00e1rolyi v\u00e1ndort\u00e1rs.-ok tagjak\u00e9nt kezdte p\u00e1ly\u00e1j\u00e1t, majd Nagyv\u00e1rad, Temesv\u00e1r k\u00f6vetkezett (1926\u201327), a kv.-i Nemzeti Sz\u00ednh\u00e1z (1940\u201344), a bp.-i M\u0171v\u00e9sz Sz\u00ednh\u00e1z (1945\u2013), a kv.-i Magyar Sz\u00ednh\u00e1z m\u0171v\u00e9sze; a mv.-i Sz\u00e9kely Sz\u00ednh\u00e1z alap\u00edt\u00f3 tagja (1946\u201357). Kit\u0171n\u0151 jellemsz\u00edn\u00e9sz, f\u0151k\u00e9nt gondokkal, bajokkal k\u00fcszk\u00f6d\u0151 figur\u00e1kat, hatalmaskod\u00f3 alakokat \u00e9s bogaras \u00f6regembereket eleven\u00edtett meg egy\u00e9nien \u00e9s v\u00e1ltozatosan. Gesztusrendszere k\u00fcl\u00f6nleges \u00e9s rendk\u00edv\u00fcl kifejez\u0151 volt. Szerepet kapott a h\u00e1bor\u00fa ut\u00e1ni els\u0151 k\u00e9t rom\u00e1n filmben. Szentgy\u00f6rgyi Istv\u00e1n eml\u00e9k\u00e9remmel (1943), \u00e9rdemes m\u0171v\u00e9sz c\u00edmmel t\u00fcntett\u00e9k ki (1957). \u2013 <strong>F. sz.:<\/strong>: Dexendoresz (J\u00e9kely Zolt\u00e1n: Angalit \u00e9s a remet\u00e9k); Swindon (Shaw: Az \u00f6rd\u00f6g cimbor\u00e1ja, 1947); Fedeli G\u00e1sp\u00e1r (T\u00f3th Ede: A falu rossza); Barend (Heijermans: Rem\u00e9ny); Petrovics Szergej (Arbasev: F\u00e9lt\u00e9kenys\u00e9g); \u00c1gi Mikl\u00f3s (Moln\u00e1r Ferenc: A hatty\u00fa); Szenes B\u00e9la: Gazdag le\u00e1ny; Shakespeare: A velencei kalm\u00e1r; Moln\u00e1r Ferenc: \u00d6rd\u00f6g; Crofts (Shaw: Warrenn\u00e9 mesters\u00e9ge); Tud\u00f3s (V\u00f6r\u00f6smarty M.: Csongor \u00e9s T\u00fcnde); Ragnar (Ibsen: Solness \u00e9p\u00edt\u0151mester); Mv.-en: Parker (K\u00e1lm\u00e1n I.: Bajad\u00e9r); Dandanache (Caragiale: Az elveszett lev\u00e9l); Pero (Nu\u0161i\u0107: Kegyelmes asszony); Nicia (Machiavelli: Mandragora); Kosztyiljov (Gorkij: \u00c9jjeli mened\u00e9khely); Klimoczi Endre (Csiky: Ingyen\u00e9l\u0151k): Joris (J. Deval: Francia szobal\u00e1ny); Lippert Weilerscheim (K\u00e1lm\u00e1n Imre: Cs\u00e1rd\u00e1skir\u00e1lyn\u0151); szerepelt Kacs\u00f3h Pongr\u00e1c: J\u00e1nos vit\u00e9z); Moln\u00e1r Ferenc: Liliom), Borcsakov (Jakobi Viktor: Sybill); Robicsek (Eisemann M.: Egy cs\u00f3k \u00e9s m\u00e1s semmi); Bal\u00e1zs B\u00e9la: Boszork\u00e1nyt\u00e1nc; Chineau (Eisemann M.: Fekete P\u00e9ter), Parker ezredes (K\u00e1lm\u00e1n Imre: Bajad\u00e9r); Swindon (G.B. Shaw: Az \u00f6rd\u00f6g cimbor\u00e1ja); Andrea, zenetan\u00e1r (M. Sebastian: N\u00e9vtelen csillag); Galeotto Marzio (Heltai Jen\u0151: A n\u00e9ma levente); Szele, titk\u00e1r (Szirmai Albert: M\u00e1gn\u00e1s Miska), Polg\u00e1r Elem\u00e9r (B\u00e9keffy Istv\u00e1n: Janika); Stanislawskij, cirkuszigazgat\u00f3 (K\u00e1lm\u00e1n Imre: Cirkuszhercegn\u0151), \u00c1d\u00e1m b\u00e1r\u00f3 (F\u00e9nyes Szabolcs: V\u00e9n di\u00f3fa), Professzor (Vaszary G\u00e1bor: Mondj igazat); Varabjov Vaszili Mihajlovics, egyetemi tan\u00e1r (L. Rachmanov: Viharos alkonyat); Novotni, titkos rend\u0151r (Schubert-Bert\u00e9: H\u00e1rom a kisl\u00e1ny), Laroque (AL.Bisson: A n\u00e9vtelen asszony); Klammdatsch Leo, lovag (Leh\u00e1r Ferenc: A k\u00e9k mazur); Withers (Sommerset Maugham: Fens\u00e9g, fizetek!); Bezirker (K\u00e1lm\u00e1n Imre: Az obsitos); Kondorka (Vaszary G\u00e1bor: Bubus); Gould (K. Szimonov: Az orosz k\u00e9rd\u00e9s); Pali b\u00e1csi (Komj\u00e1thy K\u00e1roly: Harap\u00f3s f\u00e9rj); Durbints P\u00e1l (G\u00e1rdonyi G\u00e9za: A bor); Hoteligazgat\u00f3 (Gy\u00f6ngy P\u00e1l: H\u00e1rom ember a h\u00f3ban); Kandy (Steinbeck: Egerek \u00e9s emberek); Maykroft, \u00f6reg lak\u00e1j (E. Petrov: A b\u00e9ke sziget\u00e9n); Gedi, szolgaleg\u00e9ny (M\u00f3ricz Zs.: S\u00e1ri b\u00edr\u00f3); Frazer, \u00fczletember (Henri Berger: V\u00edz\u00f6z\u00f6n); Rend\u0151rf\u0151tan\u00e1csos (Gergely S\u00e1ndor: Vit\u00e9zek \u00e9s h\u0151s\u00f6k), Alexander Mironovics (Skvarkin: Ifj\u00fas\u00e1g); Hedges Norval, szen\u00e1tor (Kanin Garson: \u00d3cskavas nagyban); Caps, k\u00f6nyvel\u0151 (H. Heyermans: Rem\u00e9ny); Orm\u00f3dy Bence (Szigligeti Ede: A csik\u00f3s); Kekefalusi, kanonok (Miksz\u00e1th K\u00e1lm\u00e1n: K\u00fcl\u00f6n\u00f6s h\u00e1zass\u00e1g), Zajcev (Katajev: Bolondos vas\u00e1rnap), Mokej Baskin (M. Gorkij: Jegor Bulicsov \u00e9s a t\u00f6bbiek); Hulla J\u00e1nos, bandavez\u00e9r (M\u00f3ricz Zsigmond: Uri muri); Agamemnon Dandanache (Caragiale: Az elveszett lev\u00e9l); Matis Atvasar (A.Grigulis: Agyag \u00e9s porcel\u00e1n); Mogo\u015f (M. Davidoglu: B\u00e1ny\u00e1szok); Besszemenov (Gorkij: Kispolg\u00e1rok), Anton Antonovics Zagoreckij (A. Gribojedov: Az \u00e9sz bajjal j\u00e1r); Zaharescu Pavel (Aurel Baranga: Dudva); Mercalszkij (Tur testv\u00e9rek: Villa a mell\u00e9k utc\u00e1ban); Amerikai t\u00e1bornok (Nagy Elek: \u0150k h\u00e1rman), Pal Palacs (Tur testv\u00e9rek: Kinek kedvez az id\u0151), Willy (J. Burjakovszkij: \u00dczenet az \u00e9l\u0151knek), Zsiga Vendel, kul\u00e1k (Urb\u00e1n Ern\u0151: T\u0171zkereszts\u00e9g); Ged\u0151 Felician, \u00e1llom\u00e1sf\u0151n\u00f6k (Kiss L. \u2013 Kov\u00e1ts D.: Vihar a havason); Nigul Hiarm, k\u00f6lt\u0151 (A. Jakobson: K\u00e9t t\u00e1bor); Klim\u00f3czi Endre (Csiky Gergely: Ingyen\u00e9l\u0151k); Uszpenszkij (B. Lavrenyov: Lesz\u00e1mol\u00e1s); Sebe Don\u00e1t (G\u00e1dor B.\u00e9s Urb\u00e1n Ern\u0151: A kincs); B\u00edr\u00f3 (Huszka Jen\u0151: G\u00fcl-Baba); Batty\u00e1ni K\u00e1zm\u00e9r (Illy\u00e9s Gyula: F\u00e1klyal\u00e1ng); Igazgat\u00f3 (G\u00e1dor B\u00e9la: Fi\u00fa!); S\u00fcmegi (Aki m\u00e1snak vermet \u00e1s); Pero, \u00edrnok (Nusics: A kegyelmes asszony); Angyel Vasz, \u00fcgyv\u00e9d (Horv\u00e1th \u00c1goston: Varga Katalin); Eisengr\u00fcn (Kipphardt: Shakespeare kerestetik); Hirin Kuzma Nyikolajevics (Csehov: Jubileum); F\u0151\u00far (Br\u00f3dy S\u00e1ndor: A tan\u00edt\u00f3n\u0151); rendez\u00e9se: F\u00f6ldes Imre: Cs\u00e1sz\u00e1r katon\u00e1i. <br \/><strong>\u2013 Irod.:<\/strong> Eml\u00e9keznek az alap\u00edt\u00f3 tagok (V. Z., 1957. jan. 12.); A H\u00e9t \u00e9vk. (1982); Horv\u00e1th Bea; Katona Szab\u00f3 Istv\u00e1n: Az \u00daj \u00c9let lexikona, 171. (\u00daj \u00c9let, 1977, 17. sz.); K\u00f6t\u0151; MSZL; \u00daM\u00c9L.<\/br><\/p>\n","protected":false},"excerpt":{"rendered":"<p>Nagyv\u00e1rad, 1892. aug. 20., \u2020 Mv., 1957. okt. 27.: sz\u00edn\u00e9sz, rendez\u0151. \u2013 Szatm\u00e1rn\u00e9meti \u00e9s nagyk\u00e1rolyi v\u00e1ndort\u00e1rs.-ok tagjak\u00e9nt kezdte p\u00e1ly\u00e1j\u00e1t, majd Nagyv\u00e1rad, Temesv\u00e1r k\u00f6vetkezett (1926\u201327), a kv.-i Nemzeti Sz\u00ednh\u00e1z (1940\u201344), a bp.-i M\u0171v\u00e9sz Sz\u00ednh\u00e1z (1945\u2013), a kv.-i Magyar Sz\u00ednh\u00e1z m\u0171v\u00e9sze; a mv.-i Sz\u00e9kely Sz\u00ednh\u00e1z alap\u00edt\u00f3 tagja (1946\u201357). Kit\u0171n\u0151 jellemsz\u00edn\u00e9sz, f\u0151k\u00e9nt gondokkal, bajokkal k\u00fcszk\u00f6d\u0151 figur\u00e1kat, hatalmaskod\u00f3 alakokat [&hellip;]<\/p>\n","protected":false},"featured_media":0,"comment_status":"open","ping_status":"closed","template":"","meta":[],"product_brand":[],"product_cat":[137],"product_tag":[],"class_list":{"0":"post-24124","1":"product","2":"type-product","3":"status-publish","5":"product_cat-maros-megyei-eletrajzi-lexikon","7":"first","8":"instock","9":"shipping-taxable","10":"product-type-simple"},"_links":{"self":[{"href":"https:\/\/uj.adatbank.ro\/lexikon\/wp-json\/wp\/v2\/product\/24124","targetHints":{"allow":["GET"]}}],"collection":[{"href":"https:\/\/uj.adatbank.ro\/lexikon\/wp-json\/wp\/v2\/product"}],"about":[{"href":"https:\/\/uj.adatbank.ro\/lexikon\/wp-json\/wp\/v2\/types\/product"}],"replies":[{"embeddable":true,"href":"https:\/\/uj.adatbank.ro\/lexikon\/wp-json\/wp\/v2\/comments?post=24124"}],"wp:attachment":[{"href":"https:\/\/uj.adatbank.ro\/lexikon\/wp-json\/wp\/v2\/media?parent=24124"}],"wp:term":[{"taxonomy":"product_brand","embeddable":true,"href":"https:\/\/uj.adatbank.ro\/lexikon\/wp-json\/wp\/v2\/product_brand?post=24124"},{"taxonomy":"product_cat","embeddable":true,"href":"https:\/\/uj.adatbank.ro\/lexikon\/wp-json\/wp\/v2\/product_cat?post=24124"},{"taxonomy":"product_tag","embeddable":true,"href":"https:\/\/uj.adatbank.ro\/lexikon\/wp-json\/wp\/v2\/product_tag?post=24124"}],"curies":[{"name":"wp","href":"https:\/\/api.w.org\/{rel}","templated":true}]}}