{"id":24126,"date":"2025-08-01T17:55:42","date_gmt":"2025-08-01T15:55:42","guid":{"rendered":"https:\/\/uj.adatbank.ro\/lexikon\/termek\/varady-szocs-antal\/"},"modified":"2025-08-01T17:55:42","modified_gmt":"2025-08-01T15:55:42","slug":"varady-szocs-antal","status":"publish","type":"product","link":"https:\/\/uj.adatbank.ro\/lexikon\/termek\/varady-szocs-antal\/","title":{"rendered":"V\u00c1RADY SZ\u0150CS Antal"},"content":{"rendered":"<p>Nagyernye (Maros), 1912., \u2020\u00a0?: gazd\u00e1lkod\u00f3. \u2013 \u0150stermel\u00e9ssel \u00e9s \u00e1llatteny\u00e9szt\u00e9ssel foglalkozott. A ref. egyh\u00e1z presbitere, a kultur\u00e1lis \u00e9s hazafias egyes\u00fcletek t\u00e1mogat\u00f3ja volt <br \/><strong>\u2013 Irod.:<\/strong> Sz\u00e9kelyf\u00f6ld \u00ed. k.<\/br><\/p>\n","protected":false},"excerpt":{"rendered":"<p>Nagyernye (Maros), 1912., \u2020\u00a0?: gazd\u00e1lkod\u00f3. \u2013 \u0150stermel\u00e9ssel \u00e9s \u00e1llatteny\u00e9szt\u00e9ssel foglalkozott. A ref. egyh\u00e1z presbitere, a kultur\u00e1lis \u00e9s hazafias egyes\u00fcletek t\u00e1mogat\u00f3ja volt \u2013 Irod.: Sz\u00e9kelyf\u00f6ld \u00ed. k.<\/p>\n","protected":false},"featured_media":0,"comment_status":"open","ping_status":"closed","template":"","meta":[],"product_brand":[],"product_cat":[137],"product_tag":[],"class_list":{"0":"post-24126","1":"product","2":"type-product","3":"status-publish","5":"product_cat-maros-megyei-eletrajzi-lexikon","7":"first","8":"instock","9":"shipping-taxable","10":"product-type-simple"},"_links":{"self":[{"href":"https:\/\/uj.adatbank.ro\/lexikon\/wp-json\/wp\/v2\/product\/24126","targetHints":{"allow":["GET"]}}],"collection":[{"href":"https:\/\/uj.adatbank.ro\/lexikon\/wp-json\/wp\/v2\/product"}],"about":[{"href":"https:\/\/uj.adatbank.ro\/lexikon\/wp-json\/wp\/v2\/types\/product"}],"replies":[{"embeddable":true,"href":"https:\/\/uj.adatbank.ro\/lexikon\/wp-json\/wp\/v2\/comments?post=24126"}],"wp:attachment":[{"href":"https:\/\/uj.adatbank.ro\/lexikon\/wp-json\/wp\/v2\/media?parent=24126"}],"wp:term":[{"taxonomy":"product_brand","embeddable":true,"href":"https:\/\/uj.adatbank.ro\/lexikon\/wp-json\/wp\/v2\/product_brand?post=24126"},{"taxonomy":"product_cat","embeddable":true,"href":"https:\/\/uj.adatbank.ro\/lexikon\/wp-json\/wp\/v2\/product_cat?post=24126"},{"taxonomy":"product_tag","embeddable":true,"href":"https:\/\/uj.adatbank.ro\/lexikon\/wp-json\/wp\/v2\/product_tag?post=24126"}],"curies":[{"name":"wp","href":"https:\/\/api.w.org\/{rel}","templated":true}]}}