{"id":24130,"date":"2025-08-01T17:55:48","date_gmt":"2025-08-01T15:55:48","guid":{"rendered":"https:\/\/uj.adatbank.ro\/lexikon\/termek\/varbeli-marton\/"},"modified":"2025-08-01T17:55:48","modified_gmt":"2025-08-01T15:55:48","slug":"varbeli-marton","status":"publish","type":"product","link":"https:\/\/uj.adatbank.ro\/lexikon\/termek\/varbeli-marton\/","title":{"rendered":"V\u00c1RBELI M\u00e1rton"},"content":{"rendered":"<p>? \u2020\u00a0?: \u00e9p\u00edt\u00e9sfel\u00fcgyel\u0151, sz\u00e1ll\u00e1smester. \u2013 a Mv.-n szen\u00e1tor, \u00e9p\u00edt\u00e9sfel\u00fcgyel\u0151 (1735), sz\u00e1ll\u00e1smester (1739). <br \/><strong>\u2013 Irod.:<\/strong> P\u00e1l-Antal 2006.<\/br><\/p>\n","protected":false},"excerpt":{"rendered":"<p>? \u2020\u00a0?: \u00e9p\u00edt\u00e9sfel\u00fcgyel\u0151, sz\u00e1ll\u00e1smester. \u2013 a Mv.-n szen\u00e1tor, \u00e9p\u00edt\u00e9sfel\u00fcgyel\u0151 (1735), sz\u00e1ll\u00e1smester (1739). \u2013 Irod.: P\u00e1l-Antal 2006.<\/p>\n","protected":false},"featured_media":0,"comment_status":"open","ping_status":"closed","template":"","meta":[],"product_brand":[],"product_cat":[137],"product_tag":[],"class_list":{"0":"post-24130","1":"product","2":"type-product","3":"status-publish","5":"product_cat-maros-megyei-eletrajzi-lexikon","7":"first","8":"instock","9":"shipping-taxable","10":"product-type-simple"},"_links":{"self":[{"href":"https:\/\/uj.adatbank.ro\/lexikon\/wp-json\/wp\/v2\/product\/24130","targetHints":{"allow":["GET"]}}],"collection":[{"href":"https:\/\/uj.adatbank.ro\/lexikon\/wp-json\/wp\/v2\/product"}],"about":[{"href":"https:\/\/uj.adatbank.ro\/lexikon\/wp-json\/wp\/v2\/types\/product"}],"replies":[{"embeddable":true,"href":"https:\/\/uj.adatbank.ro\/lexikon\/wp-json\/wp\/v2\/comments?post=24130"}],"wp:attachment":[{"href":"https:\/\/uj.adatbank.ro\/lexikon\/wp-json\/wp\/v2\/media?parent=24130"}],"wp:term":[{"taxonomy":"product_brand","embeddable":true,"href":"https:\/\/uj.adatbank.ro\/lexikon\/wp-json\/wp\/v2\/product_brand?post=24130"},{"taxonomy":"product_cat","embeddable":true,"href":"https:\/\/uj.adatbank.ro\/lexikon\/wp-json\/wp\/v2\/product_cat?post=24130"},{"taxonomy":"product_tag","embeddable":true,"href":"https:\/\/uj.adatbank.ro\/lexikon\/wp-json\/wp\/v2\/product_tag?post=24130"}],"curies":[{"name":"wp","href":"https:\/\/api.w.org\/{rel}","templated":true}]}}