{"id":24138,"date":"2025-08-01T17:56:04","date_gmt":"2025-08-01T15:56:04","guid":{"rendered":"https:\/\/uj.adatbank.ro\/lexikon\/termek\/varga-kolpenyi\/"},"modified":"2025-08-01T17:56:04","modified_gmt":"2025-08-01T15:56:04","slug":"varga-kolpenyi","status":"publish","type":"product","link":"https:\/\/uj.adatbank.ro\/lexikon\/termek\/varga-kolpenyi\/","title":{"rendered":"VARGA, k\u00f6lp\u00e9nyi"},"content":{"rendered":"<p>V. Bal\u00e1zs pixid\u00e1rius, k\u00f6lp\u00e9nyi h\u0151s a bocsoki birtokba iktatt\u00e1k (1606); V. J\u00e1nos primipilusi levelet kapott (1655). <br \/><strong>\u2013 Irod.:<\/strong> P\u00e1lmay.<\/br><\/p>\n","protected":false},"excerpt":{"rendered":"<p>V. Bal\u00e1zs pixid\u00e1rius, k\u00f6lp\u00e9nyi h\u0151s a bocsoki birtokba iktatt\u00e1k (1606); V. J\u00e1nos primipilusi levelet kapott (1655). \u2013 Irod.: P\u00e1lmay.<\/p>\n","protected":false},"featured_media":0,"comment_status":"open","ping_status":"closed","template":"","meta":[],"product_brand":[],"product_cat":[137],"product_tag":[],"class_list":{"0":"post-24138","1":"product","2":"type-product","3":"status-publish","5":"product_cat-maros-megyei-eletrajzi-lexikon","7":"first","8":"instock","9":"shipping-taxable","10":"product-type-simple"},"_links":{"self":[{"href":"https:\/\/uj.adatbank.ro\/lexikon\/wp-json\/wp\/v2\/product\/24138","targetHints":{"allow":["GET"]}}],"collection":[{"href":"https:\/\/uj.adatbank.ro\/lexikon\/wp-json\/wp\/v2\/product"}],"about":[{"href":"https:\/\/uj.adatbank.ro\/lexikon\/wp-json\/wp\/v2\/types\/product"}],"replies":[{"embeddable":true,"href":"https:\/\/uj.adatbank.ro\/lexikon\/wp-json\/wp\/v2\/comments?post=24138"}],"wp:attachment":[{"href":"https:\/\/uj.adatbank.ro\/lexikon\/wp-json\/wp\/v2\/media?parent=24138"}],"wp:term":[{"taxonomy":"product_brand","embeddable":true,"href":"https:\/\/uj.adatbank.ro\/lexikon\/wp-json\/wp\/v2\/product_brand?post=24138"},{"taxonomy":"product_cat","embeddable":true,"href":"https:\/\/uj.adatbank.ro\/lexikon\/wp-json\/wp\/v2\/product_cat?post=24138"},{"taxonomy":"product_tag","embeddable":true,"href":"https:\/\/uj.adatbank.ro\/lexikon\/wp-json\/wp\/v2\/product_tag?post=24138"}],"curies":[{"name":"wp","href":"https:\/\/api.w.org\/{rel}","templated":true}]}}