{"id":24141,"date":"2025-08-01T17:56:12","date_gmt":"2025-08-01T15:56:12","guid":{"rendered":"https:\/\/uj.adatbank.ro\/lexikon\/termek\/varga-andor\/"},"modified":"2025-08-01T17:56:12","modified_gmt":"2025-08-01T15:56:12","slug":"varga-andor","status":"publish","type":"product","link":"https:\/\/uj.adatbank.ro\/lexikon\/termek\/varga-andor\/","title":{"rendered":"VARGA Andor"},"content":{"rendered":"<p>Okl\u00e1nd, 1890., \u2020\u00a0?: k\u00f6rjegyz\u0151 Csittszentiv\u00e1nyon. \u2013 R\u00e9szt vett az els\u0151 vh.-ban (1914\u201317) az orosz fronton harcolt, s\u00falyosan megsebes\u00fclt, szakaszvezet\u0151k\u00e9nt szerelt le kit\u00fcntet\u00e9sekkel. <br \/><strong>\u2013 Irod.:<\/strong> Erd\u00e9lyi ezredek.<\/br><\/p>\n","protected":false},"excerpt":{"rendered":"<p>Okl\u00e1nd, 1890., \u2020\u00a0?: k\u00f6rjegyz\u0151 Csittszentiv\u00e1nyon. \u2013 R\u00e9szt vett az els\u0151 vh.-ban (1914\u201317) az orosz fronton harcolt, s\u00falyosan megsebes\u00fclt, szakaszvezet\u0151k\u00e9nt szerelt le kit\u00fcntet\u00e9sekkel. \u2013 Irod.: Erd\u00e9lyi ezredek.<\/p>\n","protected":false},"featured_media":0,"comment_status":"open","ping_status":"closed","template":"","meta":[],"product_brand":[],"product_cat":[137],"product_tag":[],"class_list":{"0":"post-24141","1":"product","2":"type-product","3":"status-publish","5":"product_cat-maros-megyei-eletrajzi-lexikon","7":"first","8":"instock","9":"shipping-taxable","10":"product-type-simple"},"_links":{"self":[{"href":"https:\/\/uj.adatbank.ro\/lexikon\/wp-json\/wp\/v2\/product\/24141","targetHints":{"allow":["GET"]}}],"collection":[{"href":"https:\/\/uj.adatbank.ro\/lexikon\/wp-json\/wp\/v2\/product"}],"about":[{"href":"https:\/\/uj.adatbank.ro\/lexikon\/wp-json\/wp\/v2\/types\/product"}],"replies":[{"embeddable":true,"href":"https:\/\/uj.adatbank.ro\/lexikon\/wp-json\/wp\/v2\/comments?post=24141"}],"wp:attachment":[{"href":"https:\/\/uj.adatbank.ro\/lexikon\/wp-json\/wp\/v2\/media?parent=24141"}],"wp:term":[{"taxonomy":"product_brand","embeddable":true,"href":"https:\/\/uj.adatbank.ro\/lexikon\/wp-json\/wp\/v2\/product_brand?post=24141"},{"taxonomy":"product_cat","embeddable":true,"href":"https:\/\/uj.adatbank.ro\/lexikon\/wp-json\/wp\/v2\/product_cat?post=24141"},{"taxonomy":"product_tag","embeddable":true,"href":"https:\/\/uj.adatbank.ro\/lexikon\/wp-json\/wp\/v2\/product_tag?post=24141"}],"curies":[{"name":"wp","href":"https:\/\/api.w.org\/{rel}","templated":true}]}}