{"id":24152,"date":"2025-08-01T17:56:41","date_gmt":"2025-08-01T15:56:41","guid":{"rendered":"https:\/\/uj.adatbank.ro\/lexikon\/termek\/varga-imre\/"},"modified":"2025-08-01T17:56:41","modified_gmt":"2025-08-01T15:56:41","slug":"varga-imre","status":"publish","type":"product","link":"https:\/\/uj.adatbank.ro\/lexikon\/termek\/varga-imre\/","title":{"rendered":"VARGA Imre"},"content":{"rendered":"<p>Ny\u00e1r\u00e1dszentm\u00e1rton, 1919. dec. 16., \u2020 Ny\u00e1r\u00e1dmagyar\u00f3s, 2001. szept. 27. honv\u00e9d. \u2013 Apja Varga S\u00e1ndor, f\u00f6ldm\u0171ves. \u2013 Honv\u00e9d a m. kir.-i 27 \/ I. sz\u00e9kely gyalogz\u00e1szl\u00f3aljban. Vit\u00e9zi avat\u00e1sa: 1943. j\u00fan. 11. <br \/><strong>\u2013 Irod.:<\/strong> Berekm\u00e9ri\u2013Nemes.<\/br><\/p>\n","protected":false},"excerpt":{"rendered":"<p>Ny\u00e1r\u00e1dszentm\u00e1rton, 1919. dec. 16., \u2020 Ny\u00e1r\u00e1dmagyar\u00f3s, 2001. szept. 27. honv\u00e9d. \u2013 Apja Varga S\u00e1ndor, f\u00f6ldm\u0171ves. \u2013 Honv\u00e9d a m. kir.-i 27 \/ I. sz\u00e9kely gyalogz\u00e1szl\u00f3aljban. Vit\u00e9zi avat\u00e1sa: 1943. j\u00fan. 11. \u2013 Irod.: Berekm\u00e9ri\u2013Nemes.<\/p>\n","protected":false},"featured_media":0,"comment_status":"open","ping_status":"closed","template":"","meta":[],"product_brand":[],"product_cat":[137],"product_tag":[],"class_list":{"0":"post-24152","1":"product","2":"type-product","3":"status-publish","5":"product_cat-maros-megyei-eletrajzi-lexikon","7":"first","8":"instock","9":"shipping-taxable","10":"product-type-simple"},"_links":{"self":[{"href":"https:\/\/uj.adatbank.ro\/lexikon\/wp-json\/wp\/v2\/product\/24152","targetHints":{"allow":["GET"]}}],"collection":[{"href":"https:\/\/uj.adatbank.ro\/lexikon\/wp-json\/wp\/v2\/product"}],"about":[{"href":"https:\/\/uj.adatbank.ro\/lexikon\/wp-json\/wp\/v2\/types\/product"}],"replies":[{"embeddable":true,"href":"https:\/\/uj.adatbank.ro\/lexikon\/wp-json\/wp\/v2\/comments?post=24152"}],"wp:attachment":[{"href":"https:\/\/uj.adatbank.ro\/lexikon\/wp-json\/wp\/v2\/media?parent=24152"}],"wp:term":[{"taxonomy":"product_brand","embeddable":true,"href":"https:\/\/uj.adatbank.ro\/lexikon\/wp-json\/wp\/v2\/product_brand?post=24152"},{"taxonomy":"product_cat","embeddable":true,"href":"https:\/\/uj.adatbank.ro\/lexikon\/wp-json\/wp\/v2\/product_cat?post=24152"},{"taxonomy":"product_tag","embeddable":true,"href":"https:\/\/uj.adatbank.ro\/lexikon\/wp-json\/wp\/v2\/product_tag?post=24152"}],"curies":[{"name":"wp","href":"https:\/\/api.w.org\/{rel}","templated":true}]}}